{"id":917,"date":"2021-11-16T12:23:36","date_gmt":"2021-11-16T10:23:36","guid":{"rendered":"https:\/\/villasmeraki.gr\/ueber-uns\/"},"modified":"2021-11-16T12:23:37","modified_gmt":"2021-11-16T10:23:37","slug":"ueber-uns","status":"publish","type":"page","link":"https:\/\/villasmeraki.gr\/de\/ueber-uns\/","title":{"rendered":"\u00dcber uns"},"content":{"rendered":"\t\t<div data-elementor-type=\"wp-page\" data-elementor-id=\"917\" class=\"elementor elementor-917 elementor-115\" data-elementor-settings=\"[]\">\n\t\t\t\t\t\t\t<div class=\"elementor-section-wrap\">\n\t\t\t\t\t\t\t<section class=\"elementor-section elementor-top-section elementor-element elementor-element-e8aa0e7 elementor-section-height-min-height elementor-section-boxed elementor-section-height-default elementor-section-items-middle\" data-id=\"e8aa0e7\" data-element_type=\"section\" data-settings=\"{&quot;background_background&quot;:&quot;classic&quot;}\">\n\t\t\t\t\t\t\t<div class=\"elementor-background-overlay\"><\/div>\n\t\t\t\t\t\t\t<div class=\"elementor-container elementor-column-gap-default\">\n\t\t\t\t\t<div class=\"elementor-column elementor-col-100 elementor-top-column elementor-element elementor-element-891b8a5\" data-id=\"891b8a5\" data-element_type=\"column\">\n\t\t\t<div class=\"elementor-widget-wrap elementor-element-populated\">\n\t\t\t\t\t\t\t\t<div class=\"elementor-element elementor-element-3409a9a elementor-widget elementor-widget-heading\" data-id=\"3409a9a\" data-element_type=\"widget\" data-widget_type=\"heading.default\">\n\t\t\t\t<div class=\"elementor-widget-container\">\n\t\t\t<h1 class=\"elementor-heading-title elementor-size-default\">\u00dcber uns<\/h1>\t\t<\/div>\n\t\t\t\t<\/div>\n\t\t\t\t<div class=\"elementor-element elementor-element-148a791 ee-breadcrumbs-align-center elementor-widget elementor-widget-ee-breadcrumbs\" data-id=\"148a791\" data-element_type=\"widget\" data-widget_type=\"ee-breadcrumbs.default\">\n\t\t\t\t<div class=\"elementor-widget-container\">\n\t\t\t<ul class=\"ee-breadcrumbs\" itemscope=\"\" itemtype=\"http:\/\/schema.org\/BreadcrumbList\"><\/ul>\t\t<\/div>\n\t\t\t\t<\/div>\n\t\t\t\t\t<\/div>\n\t\t<\/div>\n\t\t\t\t\t\t\t<\/div>\n\t\t<\/section>\n\t\t\t\t<section class=\"elementor-section elementor-top-section elementor-element elementor-element-99c16d7 elementor-section-full_width elementor-section-height-default elementor-section-height-default\" data-id=\"99c16d7\" data-element_type=\"section\" data-settings=\"{&quot;background_background&quot;:&quot;gradient&quot;}\">\n\t\t\t\t\t\t\t<div class=\"elementor-background-overlay\"><\/div>\n\t\t\t\t\t\t\t<div class=\"elementor-container elementor-column-gap-default\">\n\t\t\t\t\t<div class=\"elementor-column elementor-col-100 elementor-top-column elementor-element elementor-element-90dc023\" data-id=\"90dc023\" data-element_type=\"column\">\n\t\t\t<div class=\"elementor-widget-wrap elementor-element-populated\">\n\t\t\t\t\t\t\t\t<div class=\"elementor-element elementor-element-10fd2e3 elementor-widget elementor-widget-heading\" data-id=\"10fd2e3\" data-element_type=\"widget\" data-widget_type=\"heading.default\">\n\t\t\t\t<div class=\"elementor-widget-container\">\n\t\t\t<h2 class=\"elementor-heading-title elementor-size-default\">EURE GASTGEBER<\/h2>\t\t<\/div>\n\t\t\t\t<\/div>\n\t\t\t\t<div class=\"elementor-element elementor-element-63c39bc elementor-widget elementor-widget-heading\" data-id=\"63c39bc\" data-element_type=\"widget\" data-widget_type=\"heading.default\">\n\t\t\t\t<div class=\"elementor-widget-container\">\n\t\t\t<h2 class=\"elementor-heading-title elementor-size-default\">ZWEI BR\u00dcDER MIT \"MERAKI\"<\/h2>\t\t<\/div>\n\t\t\t\t<\/div>\n\t\t\t\t<div class=\"elementor-element elementor-element-8b521d9 elementor-widget elementor-widget-text-editor\" data-id=\"8b521d9\" data-element_type=\"widget\" data-widget_type=\"text-editor.default\">\n\t\t\t\t<div class=\"elementor-widget-container\">\n\t\t\t\t\t\t\t<p><span style=\"font-weight: 400;\">D\u00fcrfen wir uns vorstellen? Wir sind Lambros und Andreas Doulis \u2013 zwei griechisch-schweizerische Br\u00fcder. Geboren und aufgewachsen in Z\u00fcrich, haben wir jeden Sommer bei unseren Grosseltern in Parga verbracht, denn unsere Eltern stammen von hier. Immer, wenn uns in Z\u00fcrich das Wetter (und manchmal auch die Stimmung) zu k\u00fchl war, tr\u00e4umten wir uns zur\u00fcck in den kleinen Ort an der griechischen K\u00fcste, erinnerten uns an Strand, an die ewige Sonne, das Essen unter freiem Himmel, die Gastfreundschaft und die Lebensfreude.\u00a0<\/span><\/p>\n<p>&nbsp;<\/p>\n<p><span style=\"font-weight: 400;\">Auch sp\u00e4ter als Erwachsene und beruflich erfolgreich in der Schweiz, blieb stets ein St\u00fcck vom Herzen in Parga. Denn dieser wundersch\u00f6ne Ort am Ionischen Meer gab uns schon immer ein Gef\u00fchl von Zuhause und W\u00e4rme \u2013 und genau dieses Gef\u00fchl m\u00f6chten wir auch euch als unseren G\u00e4sten vermitteln. Die Villen haben wir deshalb genau so gestaltet, wie wir selbst uns ein Ferienhaus w\u00fcnschen. Wir verstehen uns nicht als Vermieter, sondern m\u00f6chten dein Gastgeber sein und f\u00fchlen uns verantwortlich, dass du den bestm\u00f6glichen Urlaub bei uns verbringst.<\/span><\/p>\n<p>&nbsp;<\/p>\n<p><span style=\"font-weight: 400;\">M\u00f6chtest du mehr erfahren oder habt ihr Fragen? Wir freuen uns, von dir zu h\u00f6ren!\u00a0<\/span><\/p>\n<p>&nbsp;<\/p>\n<p><span style=\"font-weight: 400;\">Denn es ist kein Zufall, dass unsere Ferienvillen \u201eVillas Meraki\u201c heissen. Das griechische Wort \u201eMeraki\u201c l\u00e4sst sich in etwa so \u00fcbersetzen: \u201eDie Leidenschaft, Kreativit\u00e4t und Liebe, die man einer Sache widmet: Die Essenz von einem selbst, die man in eine Arbeit steckt.\u201c Genau das ist auch unser Motto und das m\u00f6chten wir vorleben. Wir hoffen, dass du unser Herzblut und Begeisterung als Gastgeber bei deinem Besuch sp\u00fcren wirst \u2013 Meraki eben!<\/span><\/p>\n\t\t\t\t\t\t<\/div>\n\t\t\t\t<\/div>\n\t\t\t\t<div class=\"elementor-element elementor-element-2e36a27 elementor-align-left elementor-widget elementor-widget-button\" data-id=\"2e36a27\" data-element_type=\"widget\" data-widget_type=\"button.default\">\n\t\t\t\t<div class=\"elementor-widget-container\">\n\t\t\t\t\t<div class=\"elementor-button-wrapper\">\n\t\t\t<a href=\"https:\/\/villasmeraki.gr\/el\/villas-meraki\/\" class=\"elementor-button-link elementor-button elementor-size-sm\" role=\"button\">\n\t\t\t\t\t\t<span class=\"elementor-button-content-wrapper\">\n\t\t\t\t\t\t<span class=\"elementor-button-text\">Entdecken Sie unsere Villen<\/span>\n\t\t<\/span>\n\t\t\t\t\t<\/a>\n\t\t<\/div>\n\t\t\t\t<\/div>\n\t\t\t\t<\/div>\n\t\t\t\t\t<\/div>\n\t\t<\/div>\n\t\t\t\t\t\t\t<\/div>\n\t\t<\/section>\n\t\t\t\t<section class=\"elementor-section elementor-top-section elementor-element elementor-element-6708712 elementor-section-full_width elementor-section-height-default elementor-section-height-default\" data-id=\"6708712\" data-element_type=\"section\" data-settings=\"{&quot;background_background&quot;:&quot;classic&quot;}\">\n\t\t\t\t\t\t<div class=\"elementor-container elementor-column-gap-default\">\n\t\t\t\t\t<div class=\"elementor-column elementor-col-100 elementor-top-column elementor-element elementor-element-c2f5cb2\" data-id=\"c2f5cb2\" data-element_type=\"column\">\n\t\t\t<div class=\"elementor-widget-wrap elementor-element-populated\">\n\t\t\t\t\t\t\t\t<div class=\"elementor-element elementor-element-3ed5773 elementor-widget elementor-widget-heading\" data-id=\"3ed5773\" data-element_type=\"widget\" data-widget_type=\"heading.default\">\n\t\t\t\t<div class=\"elementor-widget-container\">\n\t\t\t<h2 class=\"elementor-heading-title elementor-size-default\">Haben Sie irgendwelche Fragen?<\/h2>\t\t<\/div>\n\t\t\t\t<\/div>\n\t\t\t\t<div class=\"elementor-element elementor-element-887d34e elementor-widget elementor-widget-text-editor\" data-id=\"887d34e\" data-element_type=\"widget\" data-widget_type=\"text-editor.default\">\n\t\t\t\t<div class=\"elementor-widget-container\">\n\t\t\t\t\t\t\t<p>Kontaktiere uns!<\/p>\n\t\t\t\t\t\t<\/div>\n\t\t\t\t<\/div>\n\t\t\t\t<div class=\"elementor-element elementor-element-3c243d1 elementor-align-center elementor-widget elementor-widget-button\" data-id=\"3c243d1\" data-element_type=\"widget\" data-widget_type=\"button.default\">\n\t\t\t\t<div class=\"elementor-widget-container\">\n\t\t\t\t\t<div class=\"elementor-button-wrapper\">\n\t\t\t<a href=\"https:\/\/villasmeraki.gr\/el\/contact\/\" class=\"elementor-button-link elementor-button elementor-size-sm\" role=\"button\">\n\t\t\t\t\t\t<span class=\"elementor-button-content-wrapper\">\n\t\t\t\t\t\t<span class=\"elementor-button-text\">Kontakt<\/span>\n\t\t<\/span>\n\t\t\t\t\t<\/a>\n\t\t<\/div>\n\t\t\t\t<\/div>\n\t\t\t\t<\/div>\n\t\t\t\t\t<\/div>\n\t\t<\/div>\n\t\t\t\t\t\t\t<\/div>\n\t\t<\/section>\n\t\t\t\t\t\t<\/div>\n\t\t\t\t\t<\/div>\n\t\t","protected":false},"excerpt":{"rendered":"<p>\u00dcber uns EURE GASTGEBER ZWEI BR\u00dcDER MIT &#8222;MERAKI&#8220; D\u00fcrfen wir uns vorstellen? Wir sind Lambros und Andreas Doulis \u2013 zwei griechisch-schweizerische Br\u00fcder. Geboren und aufgewachsen in Z\u00fcrich, haben wir jeden Sommer bei unseren Grosseltern in Parga verbracht, denn unsere Eltern stammen von hier. Immer, wenn uns in Z\u00fcrich das Wetter (und manchmal auch die Stimmung) &hellip;<\/p>\n<p class=\"read-more\"> <a class=\"\" href=\"https:\/\/villasmeraki.gr\/de\/ueber-uns\/\"> <span class=\"screen-reader-text\">\u00dcber uns<\/span> Weiterlesen &raquo;<\/a><\/p>\n","protected":false},"author":1,"featured_media":0,"parent":0,"menu_order":0,"comment_status":"closed","ping_status":"closed","template":"","meta":[],"_links":{"self":[{"href":"https:\/\/villasmeraki.gr\/de\/wp-json\/wp\/v2\/pages\/917"}],"collection":[{"href":"https:\/\/villasmeraki.gr\/de\/wp-json\/wp\/v2\/pages"}],"about":[{"href":"https:\/\/villasmeraki.gr\/de\/wp-json\/wp\/v2\/types\/page"}],"author":[{"embeddable":true,"href":"https:\/\/villasmeraki.gr\/de\/wp-json\/wp\/v2\/users\/1"}],"replies":[{"embeddable":true,"href":"https:\/\/villasmeraki.gr\/de\/wp-json\/wp\/v2\/comments?post=917"}],"version-history":[{"count":1,"href":"https:\/\/villasmeraki.gr\/de\/wp-json\/wp\/v2\/pages\/917\/revisions"}],"predecessor-version":[{"id":918,"href":"https:\/\/villasmeraki.gr\/de\/wp-json\/wp\/v2\/pages\/917\/revisions\/918"}],"wp:attachment":[{"href":"https:\/\/villasmeraki.gr\/de\/wp-json\/wp\/v2\/media?parent=917"}],"curies":[{"name":"wp","href":"https:\/\/api.w.org\/{rel}","templated":true}]}}