{"id":915,"date":"2021-11-16T12:20:53","date_gmt":"2021-11-16T10:20:53","guid":{"rendered":"https:\/\/villasmeraki.gr\/lerne-parga-kennen\/wetter-in-parga\/"},"modified":"2022-06-19T18:40:56","modified_gmt":"2022-06-19T16:40:56","slug":"wetter-in-parga","status":"publish","type":"page","link":"https:\/\/villasmeraki.gr\/de\/lerne-parga-kennen\/wetter-in-parga\/","title":{"rendered":"Wetter in Parga"},"content":{"rendered":"\t\t<div data-elementor-type=\"wp-page\" data-elementor-id=\"915\" class=\"elementor elementor-915 elementor-107\" data-elementor-settings=\"[]\">\n\t\t\t\t\t\t\t<div class=\"elementor-section-wrap\">\n\t\t\t\t\t\t\t<section class=\"elementor-section elementor-top-section elementor-element elementor-element-c268b10 elementor-section-height-min-height elementor-section-boxed elementor-section-height-default elementor-section-items-middle\" data-id=\"c268b10\" data-element_type=\"section\" data-settings=\"{&quot;background_background&quot;:&quot;classic&quot;}\">\n\t\t\t\t\t\t\t<div class=\"elementor-background-overlay\"><\/div>\n\t\t\t\t\t\t\t<div class=\"elementor-container elementor-column-gap-default\">\n\t\t\t\t\t<div class=\"elementor-column elementor-col-100 elementor-top-column elementor-element elementor-element-3238295\" data-id=\"3238295\" data-element_type=\"column\">\n\t\t\t<div class=\"elementor-widget-wrap elementor-element-populated\">\n\t\t\t\t\t\t\t\t<div class=\"elementor-element elementor-element-9a31b0e elementor-widget elementor-widget-heading\" data-id=\"9a31b0e\" data-element_type=\"widget\" data-widget_type=\"heading.default\">\n\t\t\t\t<div class=\"elementor-widget-container\">\n\t\t\t<h1 class=\"elementor-heading-title elementor-size-default\">Wetter in Parga<\/h1>\t\t<\/div>\n\t\t\t\t<\/div>\n\t\t\t\t<div class=\"elementor-element elementor-element-eab72fd ee-breadcrumbs-align-center elementor-widget elementor-widget-ee-breadcrumbs\" data-id=\"eab72fd\" data-element_type=\"widget\" data-widget_type=\"ee-breadcrumbs.default\">\n\t\t\t\t<div class=\"elementor-widget-container\">\n\t\t\t<ul class=\"ee-breadcrumbs\" itemscope=\"\" itemtype=\"http:\/\/schema.org\/BreadcrumbList\"><\/ul>\t\t<\/div>\n\t\t\t\t<\/div>\n\t\t\t\t\t<\/div>\n\t\t<\/div>\n\t\t\t\t\t\t\t<\/div>\n\t\t<\/section>\n\t\t\t\t<section class=\"elementor-section elementor-top-section elementor-element elementor-element-0fbd46f elementor-section-boxed elementor-section-height-default elementor-section-height-default\" data-id=\"0fbd46f\" data-element_type=\"section\" data-settings=\"{&quot;background_background&quot;:&quot;gradient&quot;}\">\n\t\t\t\t\t\t<div class=\"elementor-container elementor-column-gap-default\">\n\t\t\t\t\t<div class=\"elementor-column elementor-col-50 elementor-top-column elementor-element elementor-element-71082b2\" data-id=\"71082b2\" data-element_type=\"column\">\n\t\t\t<div class=\"elementor-widget-wrap elementor-element-populated\">\n\t\t\t\t\t\t\t\t<div class=\"elementor-element elementor-element-17a353b elementor-widget elementor-widget-heading\" data-id=\"17a353b\" data-element_type=\"widget\" data-widget_type=\"heading.default\">\n\t\t\t\t<div class=\"elementor-widget-container\">\n\t\t\t<h2 class=\"elementor-heading-title elementor-size-default\">REISEZEIT W\u00c4HLEN: JEDE JAHRESZEIT HAT IHREN EIGENEN REIZ<\/h2>\t\t<\/div>\n\t\t\t\t<\/div>\n\t\t\t\t<div class=\"elementor-element elementor-element-2c4acb9 elementor-widget elementor-widget-heading\" data-id=\"2c4acb9\" data-element_type=\"widget\" data-widget_type=\"heading.default\">\n\t\t\t\t<div class=\"elementor-widget-container\">\n\t\t\t<h2 class=\"elementor-heading-title elementor-size-default\">Wetter in Parga<\/h2>\t\t<\/div>\n\t\t\t\t<\/div>\n\t\t\t\t<div class=\"elementor-element elementor-element-7dcc0c3 elementor-widget elementor-widget-text-editor\" data-id=\"7dcc0c3\" data-element_type=\"widget\" data-widget_type=\"text-editor.default\">\n\t\t\t\t<div class=\"elementor-widget-container\">\n\t\t\t\t\t\t\t<p><span style=\"font-weight: 400;\">Das Wetter ist in Parga \u00fcber das ganze Jahr sehr mild. Einzig von November bis Februar kann es zu Niederschl\u00e4gen kommen. Die w\u00e4rmsten Monate sind von Mai bis Oktober und von Juni bis August wird es richtig heiss. F\u00fcr uns hat jede Jahreszeit ihren Reiz. Wenn ihr das Strandleben liebt, sind die Sommermonate die besten, um Parga zu besuchen.\u00a0<\/span><\/p>\n<p>&nbsp;<\/p>\n<p><span style=\"font-weight: 400;\">Vielleicht m\u00f6chtest du es aber lieber etwas ruhiger haben und bevorzugst mildere Temperaturen. Dann solltest du im Mai, September oder Oktober anreisen. Die Einheimischen lieben vor allem den Oktober. Das Meer hat sich nach dem langen Sommer am st\u00e4rksten aufgew\u00e4rmt, die Str\u00e4nde sind oft fast menschenleer und das Licht im Herbst ist einfach magisch. Auch f\u00fcr dich bietet ein Besuch im Herbst die Chance, deinen Sommer zu verl\u00e4ngern. Von November bis April leben haupts\u00e4chlich Einheimische in Parga. Die meisten Hotels und Restaurants schliessen und das Leben hat einen angenehm ruhigen Rhythmus. Egal ob du in Griechenland auf der Durchreise bist oder dem kalten Winter entfliehen m\u00f6chtest, in Parga kannst du selbst im Winter ein angenehm mildes Klima geniessen. Parga eignet sich dann gut zum Wandern, Fischen oder f\u00fcr Wassersportaktivit\u00e4ten wie SUP oder Surfen. Die Villas Meraki sind dank der guten Isolation und dem Schwedenofen durchwegs auch wintertauglich. Wir vermieten die Unterk\u00fcnfte aber im Winter nur auf Anfrage.\u00a0<\/span><\/p>\n\t\t\t\t\t\t<\/div>\n\t\t\t\t<\/div>\n\t\t\t\t\t<\/div>\n\t\t<\/div>\n\t\t\t\t<div class=\"elementor-column elementor-col-50 elementor-top-column elementor-element elementor-element-cfbb45f\" data-id=\"cfbb45f\" data-element_type=\"column\">\n\t\t\t<div class=\"elementor-widget-wrap elementor-element-populated\">\n\t\t\t\t\t\t\t\t<div class=\"elementor-element elementor-element-62d3655 elementor-widget elementor-widget-image\" data-id=\"62d3655\" data-element_type=\"widget\" data-widget_type=\"image.default\">\n\t\t\t\t<div class=\"elementor-widget-container\">\n\t\t\t\t\t\t\t\t\t\t\t\t\t\t\t<img width=\"840\" height=\"439\" src=\"https:\/\/villasmeraki.gr\/wp-content\/uploads\/2022\/05\/SGf17iReg4ggtgK5EyCN6PJLLlNE4Cg4KVCrlPrb.png\" class=\"attachment-large size-large\" alt=\"\" loading=\"lazy\" srcset=\"https:\/\/villasmeraki.gr\/wp-content\/uploads\/2022\/05\/SGf17iReg4ggtgK5EyCN6PJLLlNE4Cg4KVCrlPrb.png 840w, https:\/\/villasmeraki.gr\/wp-content\/uploads\/2022\/05\/SGf17iReg4ggtgK5EyCN6PJLLlNE4Cg4KVCrlPrb-300x157.png 300w, https:\/\/villasmeraki.gr\/wp-content\/uploads\/2022\/05\/SGf17iReg4ggtgK5EyCN6PJLLlNE4Cg4KVCrlPrb-768x401.png 768w\" sizes=\"(max-width: 840px) 100vw, 840px\" \/>\t\t\t\t\t\t\t\t\t\t\t\t\t\t\t<\/div>\n\t\t\t\t<\/div>\n\t\t\t\t\t<\/div>\n\t\t<\/div>\n\t\t\t\t\t\t\t<\/div>\n\t\t<\/section>\n\t\t\t\t<section class=\"elementor-section elementor-top-section elementor-element elementor-element-927b049 elementor-section-full_width elementor-section-height-default elementor-section-height-default\" data-id=\"927b049\" data-element_type=\"section\" data-settings=\"{&quot;background_background&quot;:&quot;classic&quot;}\">\n\t\t\t\t\t\t<div class=\"elementor-container elementor-column-gap-default\">\n\t\t\t\t\t<div class=\"elementor-column elementor-col-100 elementor-top-column elementor-element elementor-element-d4ed56d\" data-id=\"d4ed56d\" data-element_type=\"column\">\n\t\t\t<div class=\"elementor-widget-wrap elementor-element-populated\">\n\t\t\t\t\t\t\t\t<div class=\"elementor-element elementor-element-6f8a9e5 elementor-widget elementor-widget-heading\" data-id=\"6f8a9e5\" data-element_type=\"widget\" data-widget_type=\"heading.default\">\n\t\t\t\t<div class=\"elementor-widget-container\">\n\t\t\t<h2 class=\"elementor-heading-title elementor-size-default\">Haben Sie irgendwelche Fragen?<\/h2>\t\t<\/div>\n\t\t\t\t<\/div>\n\t\t\t\t<div class=\"elementor-element elementor-element-3a9a6d0 elementor-widget elementor-widget-text-editor\" data-id=\"3a9a6d0\" data-element_type=\"widget\" data-widget_type=\"text-editor.default\">\n\t\t\t\t<div class=\"elementor-widget-container\">\n\t\t\t\t\t\t\t<p>Kontaktiere uns!<\/p>\n\t\t\t\t\t\t<\/div>\n\t\t\t\t<\/div>\n\t\t\t\t<div class=\"elementor-element elementor-element-2a5076f elementor-align-center elementor-widget elementor-widget-button\" data-id=\"2a5076f\" data-element_type=\"widget\" data-widget_type=\"button.default\">\n\t\t\t\t<div class=\"elementor-widget-container\">\n\t\t\t\t\t<div class=\"elementor-button-wrapper\">\n\t\t\t<a href=\"https:\/\/villasmeraki.gr\/el\/contact\/\" class=\"elementor-button-link elementor-button elementor-size-sm\" role=\"button\">\n\t\t\t\t\t\t<span class=\"elementor-button-content-wrapper\">\n\t\t\t\t\t\t<span class=\"elementor-button-text\">Kontakt<\/span>\n\t\t<\/span>\n\t\t\t\t\t<\/a>\n\t\t<\/div>\n\t\t\t\t<\/div>\n\t\t\t\t<\/div>\n\t\t\t\t\t<\/div>\n\t\t<\/div>\n\t\t\t\t\t\t\t<\/div>\n\t\t<\/section>\n\t\t\t\t\t\t<\/div>\n\t\t\t\t\t<\/div>\n\t\t","protected":false},"excerpt":{"rendered":"<p>Wetter in Parga REISEZEIT W\u00c4HLEN: JEDE JAHRESZEIT HAT IHREN EIGENEN REIZ Wetter in Parga Das Wetter ist in Parga \u00fcber das ganze Jahr sehr mild. Einzig von November bis Februar kann es zu Niederschl\u00e4gen kommen. Die w\u00e4rmsten Monate sind von Mai bis Oktober und von Juni bis August wird es richtig heiss. F\u00fcr uns hat &hellip;<\/p>\n<p class=\"read-more\"> <a class=\"\" href=\"https:\/\/villasmeraki.gr\/de\/lerne-parga-kennen\/wetter-in-parga\/\"> <span class=\"screen-reader-text\">Wetter in Parga<\/span> Weiterlesen &raquo;<\/a><\/p>\n","protected":false},"author":1,"featured_media":0,"parent":904,"menu_order":0,"comment_status":"closed","ping_status":"closed","template":"","meta":[],"_links":{"self":[{"href":"https:\/\/villasmeraki.gr\/de\/wp-json\/wp\/v2\/pages\/915"}],"collection":[{"href":"https:\/\/villasmeraki.gr\/de\/wp-json\/wp\/v2\/pages"}],"about":[{"href":"https:\/\/villasmeraki.gr\/de\/wp-json\/wp\/v2\/types\/page"}],"author":[{"embeddable":true,"href":"https:\/\/villasmeraki.gr\/de\/wp-json\/wp\/v2\/users\/1"}],"replies":[{"embeddable":true,"href":"https:\/\/villasmeraki.gr\/de\/wp-json\/wp\/v2\/comments?post=915"}],"version-history":[{"count":2,"href":"https:\/\/villasmeraki.gr\/de\/wp-json\/wp\/v2\/pages\/915\/revisions"}],"predecessor-version":[{"id":1388,"href":"https:\/\/villasmeraki.gr\/de\/wp-json\/wp\/v2\/pages\/915\/revisions\/1388"}],"up":[{"embeddable":true,"href":"https:\/\/villasmeraki.gr\/de\/wp-json\/wp\/v2\/pages\/904"}],"wp:attachment":[{"href":"https:\/\/villasmeraki.gr\/de\/wp-json\/wp\/v2\/media?parent=915"}],"curies":[{"name":"wp","href":"https:\/\/api.w.org\/{rel}","templated":true}]}}