{"id":913,"date":"2021-11-16T12:16:59","date_gmt":"2021-11-16T10:16:59","guid":{"rendered":"https:\/\/villasmeraki.gr\/lerne-parga-kennen\/sehenswuerdigkeiten-in-parga\/"},"modified":"2022-06-17T14:45:15","modified_gmt":"2022-06-17T12:45:15","slug":"sehenswuerdigkeiten-in-parga","status":"publish","type":"page","link":"https:\/\/villasmeraki.gr\/de\/lerne-parga-kennen\/sehenswuerdigkeiten-in-parga\/","title":{"rendered":"Sehensw\u00fcrdigkeiten in Parga"},"content":{"rendered":"\t\t<div data-elementor-type=\"wp-page\" data-elementor-id=\"913\" class=\"elementor elementor-913 elementor-101\" data-elementor-settings=\"[]\">\n\t\t\t\t\t\t\t<div class=\"elementor-section-wrap\">\n\t\t\t\t\t\t\t<section class=\"elementor-section elementor-top-section elementor-element elementor-element-a406f88 elementor-section-height-min-height elementor-section-boxed elementor-section-height-default elementor-section-items-middle\" data-id=\"a406f88\" data-element_type=\"section\" data-settings=\"{&quot;background_background&quot;:&quot;classic&quot;}\">\n\t\t\t\t\t\t\t<div class=\"elementor-background-overlay\"><\/div>\n\t\t\t\t\t\t\t<div class=\"elementor-container elementor-column-gap-default\">\n\t\t\t\t\t<div class=\"elementor-column elementor-col-100 elementor-top-column elementor-element elementor-element-eda4673\" data-id=\"eda4673\" data-element_type=\"column\">\n\t\t\t<div class=\"elementor-widget-wrap elementor-element-populated\">\n\t\t\t\t\t\t\t\t<div class=\"elementor-element elementor-element-ff12756 elementor-widget elementor-widget-heading\" data-id=\"ff12756\" data-element_type=\"widget\" data-widget_type=\"heading.default\">\n\t\t\t\t<div class=\"elementor-widget-container\">\n\t\t\t<h1 class=\"elementor-heading-title elementor-size-default\">Sehensw\u00fcrdigkeiten in Parga<\/h1>\t\t<\/div>\n\t\t\t\t<\/div>\n\t\t\t\t<div class=\"elementor-element elementor-element-8f58cd3 ee-breadcrumbs-align-center elementor-widget elementor-widget-ee-breadcrumbs\" data-id=\"8f58cd3\" data-element_type=\"widget\" data-widget_type=\"ee-breadcrumbs.default\">\n\t\t\t\t<div class=\"elementor-widget-container\">\n\t\t\t<ul class=\"ee-breadcrumbs\" itemscope=\"\" itemtype=\"http:\/\/schema.org\/BreadcrumbList\"><\/ul>\t\t<\/div>\n\t\t\t\t<\/div>\n\t\t\t\t\t<\/div>\n\t\t<\/div>\n\t\t\t\t\t\t\t<\/div>\n\t\t<\/section>\n\t\t\t\t<section class=\"elementor-section elementor-top-section elementor-element elementor-element-473ba2b elementor-section-full_width elementor-section-height-default elementor-section-height-default\" data-id=\"473ba2b\" data-element_type=\"section\" data-settings=\"{&quot;background_background&quot;:&quot;gradient&quot;}\">\n\t\t\t\t\t\t\t<div class=\"elementor-background-overlay\"><\/div>\n\t\t\t\t\t\t\t<div class=\"elementor-container elementor-column-gap-default\">\n\t\t\t\t\t<div class=\"elementor-column elementor-col-100 elementor-top-column elementor-element elementor-element-0df74fb\" data-id=\"0df74fb\" data-element_type=\"column\">\n\t\t\t<div class=\"elementor-widget-wrap elementor-element-populated\">\n\t\t\t\t\t\t\t\t<div class=\"elementor-element elementor-element-cbb6df0 elementor-widget elementor-widget-heading\" data-id=\"cbb6df0\" data-element_type=\"widget\" data-widget_type=\"heading.default\">\n\t\t\t\t<div class=\"elementor-widget-container\">\n\t\t\t<h2 class=\"elementor-heading-title elementor-size-default\">DA GIBT ES WAS ZU SEHEN<\/h2>\t\t<\/div>\n\t\t\t\t<\/div>\n\t\t\t\t<div class=\"elementor-element elementor-element-5e53453 elementor-widget elementor-widget-heading\" data-id=\"5e53453\" data-element_type=\"widget\" data-widget_type=\"heading.default\">\n\t\t\t\t<div class=\"elementor-widget-container\">\n\t\t\t<h2 class=\"elementor-heading-title elementor-size-default\">DIE F\u00dcNF HIGHLIGHTS VON PARGA<\/h2>\t\t<\/div>\n\t\t\t\t<\/div>\n\t\t\t\t<div class=\"elementor-element elementor-element-af05fca elementor-widget elementor-widget-text-editor\" data-id=\"af05fca\" data-element_type=\"widget\" data-widget_type=\"text-editor.default\">\n\t\t\t\t<div class=\"elementor-widget-container\">\n\t\t\t\t\t\t\t<p><span style=\"font-weight: 400;\">Wenn es nach uns geht, ist Parga als Ganzes die sch\u00f6nste Sehensw\u00fcrdigkeit &#8211; mit der gr\u00fcnen H\u00fcgellandschaft, den bunten H\u00e4usern und dem strahlend blauen Ionischen Meer. Gleichwohl gibt es mindestens f\u00fcnf Sehensw\u00fcrdigkeiten, die einen Besuch wert sind!<\/span><\/p>\n\t\t\t\t\t\t<\/div>\n\t\t\t\t<\/div>\n\t\t\t\t<section class=\"elementor-section elementor-inner-section elementor-element elementor-element-a843b33 elementor-section-full_width elementor-section-height-default elementor-section-height-default\" data-id=\"a843b33\" data-element_type=\"section\">\n\t\t\t\t\t\t<div class=\"elementor-container elementor-column-gap-default\">\n\t\t\t\t\t<div class=\"elementor-column elementor-col-50 elementor-inner-column elementor-element elementor-element-d7ac119\" data-id=\"d7ac119\" data-element_type=\"column\">\n\t\t\t<div class=\"elementor-widget-wrap elementor-element-populated\">\n\t\t\t\t\t\t\t\t<div class=\"elementor-element elementor-element-93e3bee elementor-widget elementor-widget-image\" data-id=\"93e3bee\" data-element_type=\"widget\" data-widget_type=\"image.default\">\n\t\t\t\t<div class=\"elementor-widget-container\">\n\t\t\t\t\t\t\t\t\t\t\t\t\t\t\t<img width=\"1024\" height=\"695\" src=\"https:\/\/villasmeraki.gr\/wp-content\/uploads\/2021\/09\/calin-stan-x-HCoTDGgZw-unsplash-1-1024x695.jpg\" class=\"attachment-large size-large\" alt=\"\" loading=\"lazy\" srcset=\"https:\/\/villasmeraki.gr\/wp-content\/uploads\/2021\/09\/calin-stan-x-HCoTDGgZw-unsplash-1-1024x695.jpg 1024w, https:\/\/villasmeraki.gr\/wp-content\/uploads\/2021\/09\/calin-stan-x-HCoTDGgZw-unsplash-1-300x204.jpg 300w, https:\/\/villasmeraki.gr\/wp-content\/uploads\/2021\/09\/calin-stan-x-HCoTDGgZw-unsplash-1-768x521.jpg 768w, https:\/\/villasmeraki.gr\/wp-content\/uploads\/2021\/09\/calin-stan-x-HCoTDGgZw-unsplash-1-1536x1043.jpg 1536w, https:\/\/villasmeraki.gr\/wp-content\/uploads\/2021\/09\/calin-stan-x-HCoTDGgZw-unsplash-1-2048x1390.jpg 2048w\" sizes=\"(max-width: 1024px) 100vw, 1024px\" \/>\t\t\t\t\t\t\t\t\t\t\t\t\t\t\t<\/div>\n\t\t\t\t<\/div>\n\t\t\t\t\t<\/div>\n\t\t<\/div>\n\t\t\t\t<div class=\"elementor-column elementor-col-50 elementor-inner-column elementor-element elementor-element-362a0e9\" data-id=\"362a0e9\" data-element_type=\"column\">\n\t\t\t<div class=\"elementor-widget-wrap elementor-element-populated\">\n\t\t\t\t\t\t\t\t<div class=\"elementor-element elementor-element-8ca59d0 elementor-widget elementor-widget-heading\" data-id=\"8ca59d0\" data-element_type=\"widget\" data-widget_type=\"heading.default\">\n\t\t\t\t<div class=\"elementor-widget-container\">\n\t\t\t<h2 class=\"elementor-heading-title elementor-size-default\">Venezianische Burg<\/h2>\t\t<\/div>\n\t\t\t\t<\/div>\n\t\t\t\t<div class=\"elementor-element elementor-element-e36b45f elementor-widget elementor-widget-text-editor\" data-id=\"e36b45f\" data-element_type=\"widget\" data-widget_type=\"text-editor.default\">\n\t\t\t\t<div class=\"elementor-widget-container\">\n\t\t\t\t\t\t\t<p><span style=\"font-weight: 400;\">Allein schon wegen der sch\u00f6nen Aussicht und den vielen\u00a0<\/span><\/p>\n<p><span style=\"font-weight: 400;\">Fotohotspots lohnen sich die 65 Treppenstufen zur Burg (auf Griechisch: \u201eKastro\u201c).\u00a0<\/span><\/p>\n<p><span style=\"font-weight: 400;\">Die Burg ist von <\/span><span style=\"font-weight: 400;\">xx bis xx<\/span><span style=\"font-weight: 400;\"> durchwegs ge\u00f6ffnet. Im Sommer finden gelegentlich im Inneren auch Theaterauff\u00fchrungen statt. \u00dcbrigens<br \/>\nbefindet sich im Kastro auch ein gem\u00fctliches Caf\u00e9 mit sehr sch\u00f6ner Aussicht.<\/span><\/p>\n\t\t\t\t\t\t<\/div>\n\t\t\t\t<\/div>\n\t\t\t\t\t<\/div>\n\t\t<\/div>\n\t\t\t\t\t\t\t<\/div>\n\t\t<\/section>\n\t\t\t\t<section class=\"elementor-section elementor-inner-section elementor-element elementor-element-3673b77 elementor-section-full_width elementor-section-height-default elementor-section-height-default\" data-id=\"3673b77\" data-element_type=\"section\">\n\t\t\t\t\t\t<div class=\"elementor-container elementor-column-gap-default\">\n\t\t\t\t\t<div class=\"elementor-column elementor-col-50 elementor-inner-column elementor-element elementor-element-f71f675\" data-id=\"f71f675\" data-element_type=\"column\">\n\t\t\t<div class=\"elementor-widget-wrap elementor-element-populated\">\n\t\t\t\t\t\t\t\t<div class=\"elementor-element elementor-element-97c3fca elementor-widget elementor-widget-image\" data-id=\"97c3fca\" data-element_type=\"widget\" data-widget_type=\"image.default\">\n\t\t\t\t<div class=\"elementor-widget-container\">\n\t\t\t\t\t\t\t\t\t\t\t\t\t\t\t<img width=\"1024\" height=\"695\" src=\"https:\/\/villasmeraki.gr\/wp-content\/uploads\/2021\/09\/calin-stan-x-HCoTDGgZw-unsplash-1-1024x695.jpg\" class=\"attachment-large size-large\" alt=\"\" loading=\"lazy\" srcset=\"https:\/\/villasmeraki.gr\/wp-content\/uploads\/2021\/09\/calin-stan-x-HCoTDGgZw-unsplash-1-1024x695.jpg 1024w, https:\/\/villasmeraki.gr\/wp-content\/uploads\/2021\/09\/calin-stan-x-HCoTDGgZw-unsplash-1-300x204.jpg 300w, https:\/\/villasmeraki.gr\/wp-content\/uploads\/2021\/09\/calin-stan-x-HCoTDGgZw-unsplash-1-768x521.jpg 768w, https:\/\/villasmeraki.gr\/wp-content\/uploads\/2021\/09\/calin-stan-x-HCoTDGgZw-unsplash-1-1536x1043.jpg 1536w, https:\/\/villasmeraki.gr\/wp-content\/uploads\/2021\/09\/calin-stan-x-HCoTDGgZw-unsplash-1-2048x1390.jpg 2048w\" sizes=\"(max-width: 1024px) 100vw, 1024px\" \/>\t\t\t\t\t\t\t\t\t\t\t\t\t\t\t<\/div>\n\t\t\t\t<\/div>\n\t\t\t\t\t<\/div>\n\t\t<\/div>\n\t\t\t\t<div class=\"elementor-column elementor-col-50 elementor-inner-column elementor-element elementor-element-7ad6723\" data-id=\"7ad6723\" data-element_type=\"column\">\n\t\t\t<div class=\"elementor-widget-wrap elementor-element-populated\">\n\t\t\t\t\t\t\t\t<div class=\"elementor-element elementor-element-ac40a08 elementor-widget elementor-widget-heading\" data-id=\"ac40a08\" data-element_type=\"widget\" data-widget_type=\"heading.default\">\n\t\t\t\t<div class=\"elementor-widget-container\">\n\t\t\t<h2 class=\"elementor-heading-title elementor-size-default\">\"Nisaki\"<\/h2>\t\t<\/div>\n\t\t\t\t<\/div>\n\t\t\t\t<div class=\"elementor-element elementor-element-6fbe597 elementor-widget elementor-widget-text-editor\" data-id=\"6fbe597\" data-element_type=\"widget\" data-widget_type=\"text-editor.default\">\n\t\t\t\t<div class=\"elementor-widget-container\">\n\t\t\t\t\t\t\t<p>Diese kleine Insel k\u00f6nnt ihr vom Strand Krioneri aus schwimmend erreichen oder<br \/>\nan einer Stelle sogar hin\u00fcberlaufen. Selbstverst\u00e4ndlich kannst du auch ein Wassertaxi nehmen<br \/>\noder mit einem SUP-Board her\u00fcberpaddeln. In der Kapelle der \u201eAgia Panagia\u201c finden<br \/>\nin den Sommermonaten oft Hochzeiten statt. Neben der Kapelle gibt es auch eine kleine Festung,<br \/>\ndie im 16. Jahrhundert von den Franzosen errichtet wurde.<\/p>\n\t\t\t\t\t\t<\/div>\n\t\t\t\t<\/div>\n\t\t\t\t\t<\/div>\n\t\t<\/div>\n\t\t\t\t\t\t\t<\/div>\n\t\t<\/section>\n\t\t\t\t<section class=\"elementor-section elementor-inner-section elementor-element elementor-element-f99730a elementor-section-full_width elementor-section-height-default elementor-section-height-default\" data-id=\"f99730a\" data-element_type=\"section\">\n\t\t\t\t\t\t<div class=\"elementor-container elementor-column-gap-default\">\n\t\t\t\t\t<div class=\"elementor-column elementor-col-50 elementor-inner-column elementor-element elementor-element-33a4d81\" data-id=\"33a4d81\" data-element_type=\"column\">\n\t\t\t<div class=\"elementor-widget-wrap elementor-element-populated\">\n\t\t\t\t\t\t\t\t<div class=\"elementor-element elementor-element-00b8779 elementor-widget elementor-widget-image\" data-id=\"00b8779\" data-element_type=\"widget\" data-widget_type=\"image.default\">\n\t\t\t\t<div class=\"elementor-widget-container\">\n\t\t\t\t\t\t\t\t\t\t\t\t\t\t\t<img width=\"1024\" height=\"695\" src=\"https:\/\/villasmeraki.gr\/wp-content\/uploads\/2021\/09\/calin-stan-x-HCoTDGgZw-unsplash-1-1024x695.jpg\" class=\"attachment-large size-large\" alt=\"\" loading=\"lazy\" srcset=\"https:\/\/villasmeraki.gr\/wp-content\/uploads\/2021\/09\/calin-stan-x-HCoTDGgZw-unsplash-1-1024x695.jpg 1024w, https:\/\/villasmeraki.gr\/wp-content\/uploads\/2021\/09\/calin-stan-x-HCoTDGgZw-unsplash-1-300x204.jpg 300w, https:\/\/villasmeraki.gr\/wp-content\/uploads\/2021\/09\/calin-stan-x-HCoTDGgZw-unsplash-1-768x521.jpg 768w, https:\/\/villasmeraki.gr\/wp-content\/uploads\/2021\/09\/calin-stan-x-HCoTDGgZw-unsplash-1-1536x1043.jpg 1536w, https:\/\/villasmeraki.gr\/wp-content\/uploads\/2021\/09\/calin-stan-x-HCoTDGgZw-unsplash-1-2048x1390.jpg 2048w\" sizes=\"(max-width: 1024px) 100vw, 1024px\" \/>\t\t\t\t\t\t\t\t\t\t\t\t\t\t\t<\/div>\n\t\t\t\t<\/div>\n\t\t\t\t\t<\/div>\n\t\t<\/div>\n\t\t\t\t<div class=\"elementor-column elementor-col-50 elementor-inner-column elementor-element elementor-element-9474db4\" data-id=\"9474db4\" data-element_type=\"column\">\n\t\t\t<div class=\"elementor-widget-wrap elementor-element-populated\">\n\t\t\t\t\t\t\t\t<div class=\"elementor-element elementor-element-c5dc8ca elementor-widget elementor-widget-heading\" data-id=\"c5dc8ca\" data-element_type=\"widget\" data-widget_type=\"heading.default\">\n\t\t\t\t<div class=\"elementor-widget-container\">\n\t\t\t<h2 class=\"elementor-heading-title elementor-size-default\">Das Wasserm\u00fchlen-Museum<\/h2>\t\t<\/div>\n\t\t\t\t<\/div>\n\t\t\t\t<div class=\"elementor-element elementor-element-95826b8 elementor-widget elementor-widget-text-editor\" data-id=\"95826b8\" data-element_type=\"widget\" data-widget_type=\"text-editor.default\">\n\t\t\t\t<div class=\"elementor-widget-container\">\n\t\t\t\t\t\t\t<p>Von den Villen aus f\u00fchrt ein Weg direkt zum Wasserm\u00fchlen-Museum.<br \/>\nDas Museum ist sehr klein, aber liebevoll eingerichtet. Nebenan befindet sich ein reizvoll gelegenes Caf\u00e9<br \/>\nmit grossen Platanenb\u00e4umen, die auch bei warmem Wetter angenehmen Schatten bieten. Und keine<br \/>\nf\u00fcnf Minuten entfernt kannst du einen versteckten Wasserfall entdecken.<\/p>\n\t\t\t\t\t\t<\/div>\n\t\t\t\t<\/div>\n\t\t\t\t\t<\/div>\n\t\t<\/div>\n\t\t\t\t\t\t\t<\/div>\n\t\t<\/section>\n\t\t\t\t<section class=\"elementor-section elementor-inner-section elementor-element elementor-element-048a217 elementor-section-full_width elementor-section-height-default elementor-section-height-default\" data-id=\"048a217\" data-element_type=\"section\">\n\t\t\t\t\t\t<div class=\"elementor-container elementor-column-gap-default\">\n\t\t\t\t\t<div class=\"elementor-column elementor-col-50 elementor-inner-column elementor-element elementor-element-61b5489\" data-id=\"61b5489\" data-element_type=\"column\">\n\t\t\t<div class=\"elementor-widget-wrap elementor-element-populated\">\n\t\t\t\t\t\t\t\t<div class=\"elementor-element elementor-element-6323420 elementor-widget elementor-widget-image\" data-id=\"6323420\" data-element_type=\"widget\" data-widget_type=\"image.default\">\n\t\t\t\t<div class=\"elementor-widget-container\">\n\t\t\t\t\t\t\t\t\t\t\t\t\t\t\t<img width=\"1024\" height=\"695\" src=\"https:\/\/villasmeraki.gr\/wp-content\/uploads\/2021\/09\/calin-stan-x-HCoTDGgZw-unsplash-1-1024x695.jpg\" class=\"attachment-large size-large\" alt=\"\" loading=\"lazy\" srcset=\"https:\/\/villasmeraki.gr\/wp-content\/uploads\/2021\/09\/calin-stan-x-HCoTDGgZw-unsplash-1-1024x695.jpg 1024w, https:\/\/villasmeraki.gr\/wp-content\/uploads\/2021\/09\/calin-stan-x-HCoTDGgZw-unsplash-1-300x204.jpg 300w, https:\/\/villasmeraki.gr\/wp-content\/uploads\/2021\/09\/calin-stan-x-HCoTDGgZw-unsplash-1-768x521.jpg 768w, https:\/\/villasmeraki.gr\/wp-content\/uploads\/2021\/09\/calin-stan-x-HCoTDGgZw-unsplash-1-1536x1043.jpg 1536w, https:\/\/villasmeraki.gr\/wp-content\/uploads\/2021\/09\/calin-stan-x-HCoTDGgZw-unsplash-1-2048x1390.jpg 2048w\" sizes=\"(max-width: 1024px) 100vw, 1024px\" \/>\t\t\t\t\t\t\t\t\t\t\t\t\t\t\t<\/div>\n\t\t\t\t<\/div>\n\t\t\t\t\t<\/div>\n\t\t<\/div>\n\t\t\t\t<div class=\"elementor-column elementor-col-50 elementor-inner-column elementor-element elementor-element-6e51c0d\" data-id=\"6e51c0d\" data-element_type=\"column\">\n\t\t\t<div class=\"elementor-widget-wrap elementor-element-populated\">\n\t\t\t\t\t\t\t\t<div class=\"elementor-element elementor-element-eb8073c elementor-widget elementor-widget-heading\" data-id=\"eb8073c\" data-element_type=\"widget\" data-widget_type=\"heading.default\">\n\t\t\t\t<div class=\"elementor-widget-container\">\n\t\t\t<h2 class=\"elementor-heading-title elementor-size-default\">Kloster Vlacherna<\/h2>\t\t<\/div>\n\t\t\t\t<\/div>\n\t\t\t\t<div class=\"elementor-element elementor-element-c408328 elementor-widget elementor-widget-text-editor\" data-id=\"c408328\" data-element_type=\"widget\" data-widget_type=\"text-editor.default\">\n\t\t\t\t<div class=\"elementor-widget-container\">\n\t\t\t\t\t\t\t<p>Das Kloster aus dem 14. Jahrhundert liegt auf dem H\u00fcgel am Ende des<br \/>\nChrisogiali-Strandes. Der 15 Meter hohe Turm ist vom Strand aus gut zu sehen. Am Kloster<br \/>\nf\u00e4ngt ein wundersch\u00f6ner Wanderweg an, der inmitten von Olivenhainen an der K\u00fcste<br \/>\nentlang in Richtung Anthousa f\u00fchrt.<\/p>\n\t\t\t\t\t\t<\/div>\n\t\t\t\t<\/div>\n\t\t\t\t\t<\/div>\n\t\t<\/div>\n\t\t\t\t\t\t\t<\/div>\n\t\t<\/section>\n\t\t\t\t<section class=\"elementor-section elementor-inner-section elementor-element elementor-element-42f3179 elementor-section-full_width elementor-section-height-default elementor-section-height-default\" data-id=\"42f3179\" data-element_type=\"section\">\n\t\t\t\t\t\t<div class=\"elementor-container elementor-column-gap-default\">\n\t\t\t\t\t<div class=\"elementor-column elementor-col-50 elementor-inner-column elementor-element elementor-element-5981c8a\" data-id=\"5981c8a\" data-element_type=\"column\">\n\t\t\t<div class=\"elementor-widget-wrap elementor-element-populated\">\n\t\t\t\t\t\t\t\t<div class=\"elementor-element elementor-element-f73d77d elementor-widget elementor-widget-image\" data-id=\"f73d77d\" data-element_type=\"widget\" data-widget_type=\"image.default\">\n\t\t\t\t<div class=\"elementor-widget-container\">\n\t\t\t\t\t\t\t\t\t\t\t\t\t\t\t<img width=\"1024\" height=\"695\" src=\"https:\/\/villasmeraki.gr\/wp-content\/uploads\/2021\/09\/calin-stan-x-HCoTDGgZw-unsplash-1-1024x695.jpg\" class=\"attachment-large size-large\" alt=\"\" loading=\"lazy\" srcset=\"https:\/\/villasmeraki.gr\/wp-content\/uploads\/2021\/09\/calin-stan-x-HCoTDGgZw-unsplash-1-1024x695.jpg 1024w, https:\/\/villasmeraki.gr\/wp-content\/uploads\/2021\/09\/calin-stan-x-HCoTDGgZw-unsplash-1-300x204.jpg 300w, https:\/\/villasmeraki.gr\/wp-content\/uploads\/2021\/09\/calin-stan-x-HCoTDGgZw-unsplash-1-768x521.jpg 768w, https:\/\/villasmeraki.gr\/wp-content\/uploads\/2021\/09\/calin-stan-x-HCoTDGgZw-unsplash-1-1536x1043.jpg 1536w, https:\/\/villasmeraki.gr\/wp-content\/uploads\/2021\/09\/calin-stan-x-HCoTDGgZw-unsplash-1-2048x1390.jpg 2048w\" sizes=\"(max-width: 1024px) 100vw, 1024px\" \/>\t\t\t\t\t\t\t\t\t\t\t\t\t\t\t<\/div>\n\t\t\t\t<\/div>\n\t\t\t\t\t<\/div>\n\t\t<\/div>\n\t\t\t\t<div class=\"elementor-column elementor-col-50 elementor-inner-column elementor-element elementor-element-8d39b44\" data-id=\"8d39b44\" data-element_type=\"column\">\n\t\t\t<div class=\"elementor-widget-wrap elementor-element-populated\">\n\t\t\t\t\t\t\t\t<div class=\"elementor-element elementor-element-3cd05e8 elementor-widget elementor-widget-heading\" data-id=\"3cd05e8\" data-element_type=\"widget\" data-widget_type=\"heading.default\">\n\t\t\t\t<div class=\"elementor-widget-container\">\n\t\t\t<h2 class=\"elementor-heading-title elementor-size-default\">Olivenmuseum Paragaea<\/h2>\t\t<\/div>\n\t\t\t\t<\/div>\n\t\t\t\t<div class=\"elementor-element elementor-element-5ee089d elementor-widget elementor-widget-text-editor\" data-id=\"5ee089d\" data-element_type=\"widget\" data-widget_type=\"text-editor.default\">\n\t\t\t\t<div class=\"elementor-widget-container\">\n\t\t\t\t\t\t\t<p>Lange, bevor die ersten Touristen nach Parga kamen, hat das<br \/>\nSt\u00e4dtchen vom Olivenhandel gelebt. Diese reiche Geschichte wird im Olivenmuseum behandelt.<br \/>\nAuch erf\u00e4hrt man, wie Oliven\u00f6l heute hergestellt wird. Im Olivenmuseum haben Weinliebhaber<br \/>\ndie M\u00f6glichkeit, einen Wine Tasting Kurs zu buchen, mit ausgew\u00e4hlten griechischen<br \/>\nWeinen.<\/p>\n\t\t\t\t\t\t<\/div>\n\t\t\t\t<\/div>\n\t\t\t\t\t<\/div>\n\t\t<\/div>\n\t\t\t\t\t\t\t<\/div>\n\t\t<\/section>\n\t\t\t\t\t<\/div>\n\t\t<\/div>\n\t\t\t\t\t\t\t<\/div>\n\t\t<\/section>\n\t\t\t\t<section class=\"elementor-section elementor-top-section elementor-element elementor-element-e2c5c0e elementor-section-full_width elementor-section-height-default elementor-section-height-default\" data-id=\"e2c5c0e\" data-element_type=\"section\" data-settings=\"{&quot;background_background&quot;:&quot;classic&quot;}\">\n\t\t\t\t\t\t<div class=\"elementor-container elementor-column-gap-default\">\n\t\t\t\t\t<div class=\"elementor-column elementor-col-100 elementor-top-column elementor-element elementor-element-9c3989b\" data-id=\"9c3989b\" data-element_type=\"column\">\n\t\t\t<div class=\"elementor-widget-wrap elementor-element-populated\">\n\t\t\t\t\t\t\t\t<div class=\"elementor-element elementor-element-849fabf elementor-widget elementor-widget-heading\" data-id=\"849fabf\" data-element_type=\"widget\" data-widget_type=\"heading.default\">\n\t\t\t\t<div class=\"elementor-widget-container\">\n\t\t\t<h2 class=\"elementor-heading-title elementor-size-default\">Haben Sie irgendwelche Fragen?<\/h2>\t\t<\/div>\n\t\t\t\t<\/div>\n\t\t\t\t<div class=\"elementor-element elementor-element-693d90e elementor-widget elementor-widget-text-editor\" data-id=\"693d90e\" data-element_type=\"widget\" data-widget_type=\"text-editor.default\">\n\t\t\t\t<div class=\"elementor-widget-container\">\n\t\t\t\t\t\t\t<p>Kontaktiere uns!<\/p>\n\t\t\t\t\t\t<\/div>\n\t\t\t\t<\/div>\n\t\t\t\t<div class=\"elementor-element elementor-element-0d7eebc elementor-align-center elementor-widget elementor-widget-button\" data-id=\"0d7eebc\" data-element_type=\"widget\" data-widget_type=\"button.default\">\n\t\t\t\t<div class=\"elementor-widget-container\">\n\t\t\t\t\t<div class=\"elementor-button-wrapper\">\n\t\t\t<a href=\"https:\/\/villasmeraki.gr\/el\/contact\/\" class=\"elementor-button-link elementor-button elementor-size-sm\" role=\"button\">\n\t\t\t\t\t\t<span class=\"elementor-button-content-wrapper\">\n\t\t\t\t\t\t<span class=\"elementor-button-text\">Kontakt<\/span>\n\t\t<\/span>\n\t\t\t\t\t<\/a>\n\t\t<\/div>\n\t\t\t\t<\/div>\n\t\t\t\t<\/div>\n\t\t\t\t\t<\/div>\n\t\t<\/div>\n\t\t\t\t\t\t\t<\/div>\n\t\t<\/section>\n\t\t\t\t\t\t<\/div>\n\t\t\t\t\t<\/div>\n\t\t","protected":false},"excerpt":{"rendered":"<p>Sehensw\u00fcrdigkeiten in Parga DA GIBT ES WAS ZU SEHEN DIE F\u00dcNF HIGHLIGHTS VON PARGA Wenn es nach uns geht, ist Parga als Ganzes die sch\u00f6nste Sehensw\u00fcrdigkeit &#8211; mit der gr\u00fcnen H\u00fcgellandschaft, den bunten H\u00e4usern und dem strahlend blauen Ionischen Meer. Gleichwohl gibt es mindestens f\u00fcnf Sehensw\u00fcrdigkeiten, die einen Besuch wert sind! Venezianische Burg Allein schon &hellip;<\/p>\n<p class=\"read-more\"> <a class=\"\" href=\"https:\/\/villasmeraki.gr\/de\/lerne-parga-kennen\/sehenswuerdigkeiten-in-parga\/\"> <span class=\"screen-reader-text\">Sehensw\u00fcrdigkeiten in Parga<\/span> Weiterlesen &raquo;<\/a><\/p>\n","protected":false},"author":1,"featured_media":0,"parent":904,"menu_order":0,"comment_status":"closed","ping_status":"closed","template":"","meta":[],"_links":{"self":[{"href":"https:\/\/villasmeraki.gr\/de\/wp-json\/wp\/v2\/pages\/913"}],"collection":[{"href":"https:\/\/villasmeraki.gr\/de\/wp-json\/wp\/v2\/pages"}],"about":[{"href":"https:\/\/villasmeraki.gr\/de\/wp-json\/wp\/v2\/types\/page"}],"author":[{"embeddable":true,"href":"https:\/\/villasmeraki.gr\/de\/wp-json\/wp\/v2\/users\/1"}],"replies":[{"embeddable":true,"href":"https:\/\/villasmeraki.gr\/de\/wp-json\/wp\/v2\/comments?post=913"}],"version-history":[{"count":1,"href":"https:\/\/villasmeraki.gr\/de\/wp-json\/wp\/v2\/pages\/913\/revisions"}],"predecessor-version":[{"id":914,"href":"https:\/\/villasmeraki.gr\/de\/wp-json\/wp\/v2\/pages\/913\/revisions\/914"}],"up":[{"embeddable":true,"href":"https:\/\/villasmeraki.gr\/de\/wp-json\/wp\/v2\/pages\/904"}],"wp:attachment":[{"href":"https:\/\/villasmeraki.gr\/de\/wp-json\/wp\/v2\/media?parent=913"}],"curies":[{"name":"wp","href":"https:\/\/api.w.org\/{rel}","templated":true}]}}