{"id":911,"date":"2021-11-16T12:12:52","date_gmt":"2021-11-16T10:12:52","guid":{"rendered":"https:\/\/villasmeraki.gr\/lerne-parga-kennen\/anreise-parga\/"},"modified":"2022-06-19T18:46:43","modified_gmt":"2022-06-19T16:46:43","slug":"anreise-parga","status":"publish","type":"page","link":"https:\/\/villasmeraki.gr\/de\/lerne-parga-kennen\/anreise-parga\/","title":{"rendered":"Anreise Parga"},"content":{"rendered":"\t\t<div data-elementor-type=\"wp-page\" data-elementor-id=\"911\" class=\"elementor elementor-911 elementor-109\" data-elementor-settings=\"[]\">\n\t\t\t\t\t\t\t<div class=\"elementor-section-wrap\">\n\t\t\t\t\t\t\t<section class=\"elementor-section elementor-top-section elementor-element elementor-element-82a91d6 elementor-section-height-min-height elementor-section-boxed elementor-section-height-default elementor-section-items-middle\" data-id=\"82a91d6\" data-element_type=\"section\" data-settings=\"{&quot;background_background&quot;:&quot;classic&quot;}\">\n\t\t\t\t\t\t\t<div class=\"elementor-background-overlay\"><\/div>\n\t\t\t\t\t\t\t<div class=\"elementor-container elementor-column-gap-default\">\n\t\t\t\t\t<div class=\"elementor-column elementor-col-100 elementor-top-column elementor-element elementor-element-160c0a3\" data-id=\"160c0a3\" data-element_type=\"column\">\n\t\t\t<div class=\"elementor-widget-wrap elementor-element-populated\">\n\t\t\t\t\t\t\t\t<div class=\"elementor-element elementor-element-45672e6 elementor-widget elementor-widget-heading\" data-id=\"45672e6\" data-element_type=\"widget\" data-widget_type=\"heading.default\">\n\t\t\t\t<div class=\"elementor-widget-container\">\n\t\t\t<h1 class=\"elementor-heading-title elementor-size-default\">Anreise Parga<\/h1>\t\t<\/div>\n\t\t\t\t<\/div>\n\t\t\t\t<div class=\"elementor-element elementor-element-f397d2e ee-breadcrumbs-align-center elementor-widget elementor-widget-ee-breadcrumbs\" data-id=\"f397d2e\" data-element_type=\"widget\" data-widget_type=\"ee-breadcrumbs.default\">\n\t\t\t\t<div class=\"elementor-widget-container\">\n\t\t\t<ul class=\"ee-breadcrumbs\" itemscope=\"\" itemtype=\"http:\/\/schema.org\/BreadcrumbList\"><\/ul>\t\t<\/div>\n\t\t\t\t<\/div>\n\t\t\t\t\t<\/div>\n\t\t<\/div>\n\t\t\t\t\t\t\t<\/div>\n\t\t<\/section>\n\t\t\t\t<section class=\"elementor-section elementor-top-section elementor-element elementor-element-2cdbf86 elementor-section-full_width elementor-section-height-default elementor-section-height-default\" data-id=\"2cdbf86\" data-element_type=\"section\" data-settings=\"{&quot;background_background&quot;:&quot;gradient&quot;}\">\n\t\t\t\t\t\t<div class=\"elementor-container elementor-column-gap-default\">\n\t\t\t\t\t<div class=\"elementor-column elementor-col-100 elementor-top-column elementor-element elementor-element-853c319\" data-id=\"853c319\" data-element_type=\"column\" data-settings=\"{&quot;background_background&quot;:&quot;classic&quot;}\">\n\t\t\t<div class=\"elementor-widget-wrap elementor-element-populated\">\n\t\t\t\t\t<div class=\"elementor-background-overlay\"><\/div>\n\t\t\t\t\t\t\t\t<div class=\"elementor-element elementor-element-a6eee74 elementor-widget elementor-widget-heading\" data-id=\"a6eee74\" data-element_type=\"widget\" data-widget_type=\"heading.default\">\n\t\t\t\t<div class=\"elementor-widget-container\">\n\t\t\t<h2 class=\"elementor-heading-title elementor-size-default\">ANREISE<\/h2>\t\t<\/div>\n\t\t\t\t<\/div>\n\t\t\t\t<div class=\"elementor-element elementor-element-8620de9 elementor-widget elementor-widget-heading\" data-id=\"8620de9\" data-element_type=\"widget\" data-widget_type=\"heading.default\">\n\t\t\t\t<div class=\"elementor-widget-container\">\n\t\t\t<h2 class=\"elementor-heading-title elementor-size-default\">SO FINDEST DU DEN WEG ZU UNS<\/h2>\t\t<\/div>\n\t\t\t\t<\/div>\n\t\t\t\t<div class=\"elementor-element elementor-element-bf8fbfd elementor-widget elementor-widget-text-editor\" data-id=\"bf8fbfd\" data-element_type=\"widget\" data-widget_type=\"text-editor.default\">\n\t\t\t\t<div class=\"elementor-widget-container\">\n\t\t\t\t\t\t\t<p><i><span style=\"font-weight: 400;\">Wenn du zum Beispiel aus Deutschland, der Schweiz oder \u00d6sterreich nach Parga anreisen m\u00f6chtest, kannst du das am einfachsten per Flugzeug oder per F\u00e4hre tun. Von den italienischen Hafenst\u00e4dten Triest, Venedig, Ancona, Bari oder Brindisi legen im Sommer fast t\u00e4glich F\u00e4hrschiffe in Richtung Igoumenitsa ab. Ab dort ist es nur noch eine Stunde Autofahrt bis nach Parga.\u00a0<\/span><\/i><\/p>\n<p>&nbsp;<\/p>\n<p><i><span style=\"font-weight: 400;\">Wenn ihr lieber fliegen m\u00f6chtet, k\u00f6nnt ihr Fl\u00fcge nach Preveza oder Korfu buchen. Von Preveza aus erreicht ihr Parga per Bus,Taxi oder Mietauto (ca. 1 Autostunde entfernt), von Korfu aus erreicht ihr Igoumenitsa per F\u00e4hre. Alternativ k\u00f6nnt ihr auch nach Athen oder Thessaloniki fliegen, m\u00fcsst dann jedoch noch eine mehrst\u00fcndige Fahrt mit dem Mietauto oder dem Bus anh\u00e4ngen. Eine weitere M\u00f6glichkeit ist es, zun\u00e4chst nach Athen zu fliegen und dann einen Inlandflug nach Ioannina zu w\u00e4hlen. Von dort ist es dann nur noch eine Stunde bis Parga.<\/span><\/i><\/p>\n<p>&nbsp;<\/p>\n<p><i><span style=\"font-weight: 400;\">Bei Unklarheiten zur Anreise beraten wir dich gerne. Wenn du m\u00f6chtest, k\u00f6nnen wir auch einen Transfer von Igoumenitsa, Preveza oder Ioannina f\u00fcr dich organisieren.<\/span><\/i><\/p>\n\t\t\t\t\t\t<\/div>\n\t\t\t\t<\/div>\n\t\t\t\t\t<\/div>\n\t\t<\/div>\n\t\t\t\t\t\t\t<\/div>\n\t\t<\/section>\n\t\t\t\t<section class=\"elementor-section elementor-top-section elementor-element elementor-element-421f794 elementor-section-full_width elementor-section-height-default elementor-section-height-default\" data-id=\"421f794\" data-element_type=\"section\" data-settings=\"{&quot;background_background&quot;:&quot;classic&quot;}\">\n\t\t\t\t\t\t<div class=\"elementor-container elementor-column-gap-default\">\n\t\t\t\t\t<div class=\"elementor-column elementor-col-100 elementor-top-column elementor-element elementor-element-9754f0b\" data-id=\"9754f0b\" data-element_type=\"column\">\n\t\t\t<div class=\"elementor-widget-wrap elementor-element-populated\">\n\t\t\t\t\t\t\t\t<div class=\"elementor-element elementor-element-2deaaff elementor-widget elementor-widget-heading\" data-id=\"2deaaff\" data-element_type=\"widget\" data-widget_type=\"heading.default\">\n\t\t\t\t<div class=\"elementor-widget-container\">\n\t\t\t<h2 class=\"elementor-heading-title elementor-size-default\">Haben Sie irgendwelche Fragen?<\/h2>\t\t<\/div>\n\t\t\t\t<\/div>\n\t\t\t\t<div class=\"elementor-element elementor-element-18d6694 elementor-widget elementor-widget-text-editor\" data-id=\"18d6694\" data-element_type=\"widget\" data-widget_type=\"text-editor.default\">\n\t\t\t\t<div class=\"elementor-widget-container\">\n\t\t\t\t\t\t\t<p>Kontaktiere uns!<\/p>\n\t\t\t\t\t\t<\/div>\n\t\t\t\t<\/div>\n\t\t\t\t<div class=\"elementor-element elementor-element-e6063da elementor-align-center elementor-widget elementor-widget-button\" data-id=\"e6063da\" data-element_type=\"widget\" data-widget_type=\"button.default\">\n\t\t\t\t<div class=\"elementor-widget-container\">\n\t\t\t\t\t<div class=\"elementor-button-wrapper\">\n\t\t\t<a href=\"https:\/\/villasmeraki.gr\/el\/contact\/\" class=\"elementor-button-link elementor-button elementor-size-sm\" role=\"button\">\n\t\t\t\t\t\t<span class=\"elementor-button-content-wrapper\">\n\t\t\t\t\t\t<span class=\"elementor-button-text\">Kontakt<\/span>\n\t\t<\/span>\n\t\t\t\t\t<\/a>\n\t\t<\/div>\n\t\t\t\t<\/div>\n\t\t\t\t<\/div>\n\t\t\t\t\t<\/div>\n\t\t<\/div>\n\t\t\t\t\t\t\t<\/div>\n\t\t<\/section>\n\t\t\t\t\t\t<\/div>\n\t\t\t\t\t<\/div>\n\t\t","protected":false},"excerpt":{"rendered":"<p>Anreise Parga ANREISE SO FINDEST DU DEN WEG ZU UNS Wenn du zum Beispiel aus Deutschland, der Schweiz oder \u00d6sterreich nach Parga anreisen m\u00f6chtest, kannst du das am einfachsten per Flugzeug oder per F\u00e4hre tun. Von den italienischen Hafenst\u00e4dten Triest, Venedig, Ancona, Bari oder Brindisi legen im Sommer fast t\u00e4glich F\u00e4hrschiffe in Richtung Igoumenitsa ab. &hellip;<\/p>\n<p class=\"read-more\"> <a class=\"\" href=\"https:\/\/villasmeraki.gr\/de\/lerne-parga-kennen\/anreise-parga\/\"> <span class=\"screen-reader-text\">Anreise Parga<\/span> Weiterlesen &raquo;<\/a><\/p>\n","protected":false},"author":1,"featured_media":0,"parent":904,"menu_order":0,"comment_status":"closed","ping_status":"closed","template":"","meta":[],"_links":{"self":[{"href":"https:\/\/villasmeraki.gr\/de\/wp-json\/wp\/v2\/pages\/911"}],"collection":[{"href":"https:\/\/villasmeraki.gr\/de\/wp-json\/wp\/v2\/pages"}],"about":[{"href":"https:\/\/villasmeraki.gr\/de\/wp-json\/wp\/v2\/types\/page"}],"author":[{"embeddable":true,"href":"https:\/\/villasmeraki.gr\/de\/wp-json\/wp\/v2\/users\/1"}],"replies":[{"embeddable":true,"href":"https:\/\/villasmeraki.gr\/de\/wp-json\/wp\/v2\/comments?post=911"}],"version-history":[{"count":1,"href":"https:\/\/villasmeraki.gr\/de\/wp-json\/wp\/v2\/pages\/911\/revisions"}],"predecessor-version":[{"id":912,"href":"https:\/\/villasmeraki.gr\/de\/wp-json\/wp\/v2\/pages\/911\/revisions\/912"}],"up":[{"embeddable":true,"href":"https:\/\/villasmeraki.gr\/de\/wp-json\/wp\/v2\/pages\/904"}],"wp:attachment":[{"href":"https:\/\/villasmeraki.gr\/de\/wp-json\/wp\/v2\/media?parent=911"}],"curies":[{"name":"wp","href":"https:\/\/api.w.org\/{rel}","templated":true}]}}