{"id":909,"date":"2021-11-16T11:58:34","date_gmt":"2021-11-16T09:58:34","guid":{"rendered":"https:\/\/villasmeraki.gr\/lerne-parga-kennen\/beschreibung-was-es-alles-in-der-naehe-gibt\/"},"modified":"2022-06-17T15:02:04","modified_gmt":"2022-06-17T13:02:04","slug":"beschreibung-was-es-alles-in-der-naehe-gibt","status":"publish","type":"page","link":"https:\/\/villasmeraki.gr\/de\/lerne-parga-kennen\/beschreibung-was-es-alles-in-der-naehe-gibt\/","title":{"rendered":"Beschreibung was es alles in der N\u00e4he gibt"},"content":{"rendered":"\t\t<div data-elementor-type=\"wp-page\" data-elementor-id=\"909\" class=\"elementor elementor-909 elementor-105\" data-elementor-settings=\"[]\">\n\t\t\t\t\t\t\t<div class=\"elementor-section-wrap\">\n\t\t\t\t\t\t\t<section class=\"elementor-section elementor-top-section elementor-element elementor-element-51f19bb elementor-section-height-min-height elementor-section-boxed elementor-section-height-default elementor-section-items-middle\" data-id=\"51f19bb\" data-element_type=\"section\" data-settings=\"{&quot;background_background&quot;:&quot;classic&quot;}\">\n\t\t\t\t\t\t\t<div class=\"elementor-background-overlay\"><\/div>\n\t\t\t\t\t\t\t<div class=\"elementor-container elementor-column-gap-default\">\n\t\t\t\t\t<div class=\"elementor-column elementor-col-100 elementor-top-column elementor-element elementor-element-273286c\" data-id=\"273286c\" data-element_type=\"column\">\n\t\t\t<div class=\"elementor-widget-wrap elementor-element-populated\">\n\t\t\t\t\t\t\t\t<div class=\"elementor-element elementor-element-eb324b3 elementor-widget elementor-widget-heading\" data-id=\"eb324b3\" data-element_type=\"widget\" data-widget_type=\"heading.default\">\n\t\t\t\t<div class=\"elementor-widget-container\">\n\t\t\t<h1 class=\"elementor-heading-title elementor-size-default\">Beschreibung was es alles in der N\u00e4he gibt<\/h1>\t\t<\/div>\n\t\t\t\t<\/div>\n\t\t\t\t<div class=\"elementor-element elementor-element-23c0cfd ee-breadcrumbs-align-center elementor-widget elementor-widget-ee-breadcrumbs\" data-id=\"23c0cfd\" data-element_type=\"widget\" data-widget_type=\"ee-breadcrumbs.default\">\n\t\t\t\t<div class=\"elementor-widget-container\">\n\t\t\t<ul class=\"ee-breadcrumbs\" itemscope=\"\" itemtype=\"http:\/\/schema.org\/BreadcrumbList\"><\/ul>\t\t<\/div>\n\t\t\t\t<\/div>\n\t\t\t\t\t<\/div>\n\t\t<\/div>\n\t\t\t\t\t\t\t<\/div>\n\t\t<\/section>\n\t\t\t\t<section class=\"elementor-section elementor-top-section elementor-element elementor-element-43ae587 elementor-section-full_width elementor-section-height-default elementor-section-height-default\" data-id=\"43ae587\" data-element_type=\"section\" data-settings=\"{&quot;background_background&quot;:&quot;gradient&quot;}\">\n\t\t\t\t\t\t\t<div class=\"elementor-background-overlay\"><\/div>\n\t\t\t\t\t\t\t<div class=\"elementor-container elementor-column-gap-default\">\n\t\t\t\t\t<div class=\"elementor-column elementor-col-100 elementor-top-column elementor-element elementor-element-57d2ba9\" data-id=\"57d2ba9\" data-element_type=\"column\">\n\t\t\t<div class=\"elementor-widget-wrap elementor-element-populated\">\n\t\t\t\t\t\t\t\t<div class=\"elementor-element elementor-element-133aca0 elementor-widget elementor-widget-heading\" data-id=\"133aca0\" data-element_type=\"widget\" data-widget_type=\"heading.default\">\n\t\t\t\t<div class=\"elementor-widget-container\">\n\t\t\t<h2 class=\"elementor-heading-title elementor-size-default\">AKTIV WERDEN<\/h2>\t\t<\/div>\n\t\t\t\t<\/div>\n\t\t\t\t<div class=\"elementor-element elementor-element-2496eac elementor-widget elementor-widget-heading\" data-id=\"2496eac\" data-element_type=\"widget\" data-widget_type=\"heading.default\">\n\t\t\t\t<div class=\"elementor-widget-container\">\n\t\t\t<h2 class=\"elementor-heading-title elementor-size-default\">REIZVOLLE ZIELE IN PARGAS UMGEBUNG<\/h2>\t\t<\/div>\n\t\t\t\t<\/div>\n\t\t\t\t<section class=\"elementor-section elementor-inner-section elementor-element elementor-element-4f77b8f elementor-section-full_width elementor-section-height-default elementor-section-height-default\" data-id=\"4f77b8f\" data-element_type=\"section\">\n\t\t\t\t\t\t<div class=\"elementor-container elementor-column-gap-default\">\n\t\t\t\t\t<div class=\"elementor-column elementor-col-50 elementor-inner-column elementor-element elementor-element-aadd1f8\" data-id=\"aadd1f8\" data-element_type=\"column\">\n\t\t\t<div class=\"elementor-widget-wrap elementor-element-populated\">\n\t\t\t\t\t\t\t\t<div class=\"elementor-element elementor-element-819beec elementor-widget elementor-widget-eael-adv-accordion\" data-id=\"819beec\" data-element_type=\"widget\" data-widget_type=\"eael-adv-accordion.default\">\n\t\t\t\t<div class=\"elementor-widget-container\">\n\t\t\t        <div class=\"eael-adv-accordion\" id=\"eael-adv-accordion-819beec\" data-accordion-id=\"819beec\" data-accordion-type=\"accordion\" data-toogle-speed=\"300\">\n    <div class=\"eael-accordion-list\">\n                <div id=\"valtoschrisogiali-500m-entfernt\" class=\"elementor-tab-title eael-accordion-header\" tabindex=\"1351\" data-tab=\"1\" role=\"tab\" aria-controls=\"elementor-tab-content-1351\"><span class=\"eael-accordion-tab-title\">Valtos\/Chrisogiali \u2013 500m entfernt<\/span><i aria-hidden=\"true\" class=\"fa-toggle fas fa-angle-right\"><\/i><\/div><div id=\"elementor-tab-content-1351\" class=\"eael-accordion-content clearfix\" data-tab=\"1\" role=\"tabpanel\" aria-labelledby=\"valtoschrisogiali-500m-entfernt\"><p><p>Der ca. 1 km lange Strand liegt praktisch vor der Haust\u00fcr und ist bequem zu Fuss erreichbar. Hier kannst du am Wasser relaxen, in einem der zahlreichen Strandcaf\u00e9s einen Snack geniessen oder Wassersport treiben, zum Beispiel Stand Up Paddling, Wasserski oder Tauchen. Beim Beachvolleyballfeld sind haupts\u00e4chlich die Einheimischen zu finden. Die Stimmung ist gelassen und freundlich und jeder Gast ist willkommen, mitzuspielen. Man muss daf\u00fcr nur in der N\u00e4he interessiert zuschauen und schon wird man eingeladen, mitzumachen.<br \/>\nIn den Monaten Oktober bis April kann man am Rand der Bucht (gleich unterhalb der Burg) gut surfen. Man sollte aber etwas ge\u00fcbt sein, weil es nicht ganz ungef\u00e4hrlich ist.<\/p>\n<\/p><\/div>\n                <\/div><div class=\"eael-accordion-list\">\n                <div id=\"anthousa-12-km-entfernt\" class=\"elementor-tab-title eael-accordion-header\" tabindex=\"1352\" data-tab=\"2\" role=\"tab\" aria-controls=\"elementor-tab-content-1352\"><span class=\"eael-accordion-tab-title\">Anthousa \u2013 1,2 Km entfernt<\/span><i aria-hidden=\"true\" class=\"fa-toggle fas fa-angle-right\"><\/i><\/div><div id=\"elementor-tab-content-1352\" class=\"eael-accordion-content clearfix\" data-tab=\"2\" role=\"tabpanel\" aria-labelledby=\"anthousa-12-km-entfernt\"><p><p>Kleines Dorf mit sch\u00f6ner Aussicht auf Parga und mit einigen guten Tavernen. Die Wasserm\u00fchle mit ihrem kleinen Museum und dem versteckten Wasserfall in der N\u00e4he ist auf jeden Fall einen Besuch wert. Anthousa bietet auch unz\u00e4hlige Wanderrouten an, die du zu Fuss oder mit dem Fahrrad\/Mountainbike entdecken kannst.<\/p>\n<\/p><\/div>\n                <\/div><div class=\"eael-accordion-list\">\n                <div id=\"agia-53-km-entfernt\" class=\"elementor-tab-title eael-accordion-header\" tabindex=\"1353\" data-tab=\"3\" role=\"tab\" aria-controls=\"elementor-tab-content-1353\"><span class=\"eael-accordion-tab-title\">Agia \u2013 5,3 Km entfernt<\/span><i aria-hidden=\"true\" class=\"fa-toggle fas fa-angle-right\"><\/i><\/div><div id=\"elementor-tab-content-1353\" class=\"eael-accordion-content clearfix\" data-tab=\"3\" role=\"tabpanel\" aria-labelledby=\"agia-53-km-entfernt\"><p><p>Das n\u00e4chstgr\u00f6ssere Dorf befindet sich knapp 400 Meter \u00fcber dem Meer. Es hat einige gute Tavernen und bietet eine atemberaubende Aussicht auf Parga. Zwischen Anthousa und Agia befindet sich auch die Festung von Ali Pascha.<\/p>\n<\/p><\/div>\n                <\/div><div class=\"eael-accordion-list\">\n                <div id=\"sarakiniko-6-km-entfernt\" class=\"elementor-tab-title eael-accordion-header\" tabindex=\"1354\" data-tab=\"4\" role=\"tab\" aria-controls=\"elementor-tab-content-1354\"><span class=\"eael-accordion-tab-title\">Sarakiniko \u2013 6 Km entfernt<\/span><i aria-hidden=\"true\" class=\"fa-toggle fas fa-angle-right\"><\/i><\/div><div id=\"elementor-tab-content-1354\" class=\"eael-accordion-content clearfix\" data-tab=\"4\" role=\"tabpanel\" aria-labelledby=\"sarakiniko-6-km-entfernt\"><p><p>Eine malerische Bucht mit zwei guten Tavernen, sie ist ideal f\u00fcr ruhige Strandtage. Von Parga aus fahren t\u00e4glich Wassertaxis nach Sarakiniko. Diesen Strand kannst du auch mit dem Auto erreichen.<\/p>\n<\/p><\/div>\n                <\/div><div class=\"eael-accordion-list\">\n                <div id=\"lichnos-79-km-entfernt\" class=\"elementor-tab-title eael-accordion-header\" tabindex=\"1355\" data-tab=\"5\" role=\"tab\" aria-controls=\"elementor-tab-content-1355\"><span class=\"eael-accordion-tab-title\">Lichnos \u2013 7,9 Km entfernt<\/span><i aria-hidden=\"true\" class=\"fa-toggle fas fa-angle-right\"><\/i><\/div><div id=\"elementor-tab-content-1355\" class=\"eael-accordion-content clearfix\" data-tab=\"5\" role=\"tabpanel\" aria-labelledby=\"lichnos-79-km-entfernt\"><p><p>Lichnos hat etwa dieselbe Gr\u00f6sse wie Valtos\/Chrisogiali, ist aber wesentlich weniger frequentiert, ideal f\u00fcr alle, die es gerne etwas ruhiger haben. Man gelangt entweder mit dem Wassertaxi oder per Auto dorthin.<\/p>\n<\/p><\/div>\n                <\/div><div class=\"eael-accordion-list\">\n                <div id=\"perdika-16-km-entfernt\" class=\"elementor-tab-title eael-accordion-header\" tabindex=\"1356\" data-tab=\"6\" role=\"tab\" aria-controls=\"elementor-tab-content-1356\"><span class=\"eael-accordion-tab-title\">Perdika \u2013 16 Km entfernt<\/span><i aria-hidden=\"true\" class=\"fa-toggle fas fa-angle-right\"><\/i><\/div><div id=\"elementor-tab-content-1356\" class=\"eael-accordion-content clearfix\" data-tab=\"6\" role=\"tabpanel\" aria-labelledby=\"perdika-16-km-entfernt\"><p><p>Ein gr\u00f6sseres Dorf mit einigen guten Restaurants \/ Tavernen und Strassencaf\u00e9s. Perdika ist ideal f\u00fcr Liebhaber von romantischen Sonnenunterg\u00e4ngen. Das Dorf hat sogar einen Aussichtspunkt, von dem aus man die beste Sicht auf den Sonnenuntergang hat.<\/p>\n<\/p><\/div>\n                <\/div><div class=\"eael-accordion-list\">\n                <div id=\"amoudia-208-km-entfernt\" class=\"elementor-tab-title eael-accordion-header\" tabindex=\"1357\" data-tab=\"7\" role=\"tab\" aria-controls=\"elementor-tab-content-1357\"><span class=\"eael-accordion-tab-title\">Amoudia \u2013 20,8 Km entfernt<\/span><i aria-hidden=\"true\" class=\"fa-toggle fas fa-angle-right\"><\/i><\/div><div id=\"elementor-tab-content-1357\" class=\"eael-accordion-content clearfix\" data-tab=\"7\" role=\"tabpanel\" aria-labelledby=\"amoudia-208-km-entfernt\"><p><p>In Amoudia gibt es einige gute Tavernen und einen h\u00fcbschen Strandabschnitt. Dort kann man von Oktober bis Mai regelm\u00e4ssig surfen, zum Teil auch in den Sommermonaten.<\/p>\n<\/p><\/div>\n                <\/div><div class=\"eael-accordion-list\">\n                <div id=\"nekromantion-237-km-entfernt\" class=\"elementor-tab-title eael-accordion-header\" tabindex=\"1358\" data-tab=\"8\" role=\"tab\" aria-controls=\"elementor-tab-content-1358\"><span class=\"eael-accordion-tab-title\">Nekromantion \u2013 23,7 Km entfernt<\/span><i aria-hidden=\"true\" class=\"fa-toggle fas fa-angle-right\"><\/i><\/div><div id=\"elementor-tab-content-1358\" class=\"eael-accordion-content clearfix\" data-tab=\"8\" role=\"tabpanel\" aria-labelledby=\"nekromantion-237-km-entfernt\"><p><p>Ein Totenorakel und Tempel aus der Antike. Hier wird die reiche griechische Geschichte lebendig.<\/p>\n<\/p><\/div>\n                <\/div><div class=\"eael-accordion-list\">\n                <div id=\"sivota-259-km-entfernt\" class=\"elementor-tab-title eael-accordion-header\" tabindex=\"1359\" data-tab=\"9\" role=\"tab\" aria-controls=\"elementor-tab-content-1359\"><span class=\"eael-accordion-tab-title\">Sivota \u2013 25,9 Km entfernt<\/span><i aria-hidden=\"true\" class=\"fa-toggle fas fa-angle-right\"><\/i><\/div><div id=\"elementor-tab-content-1359\" class=\"eael-accordion-content clearfix\" data-tab=\"9\" role=\"tabpanel\" aria-labelledby=\"sivota-259-km-entfernt\"><p><p>Viele sch\u00f6ne Buchten und Str\u00e4nde. Sehr gr\u00fcne Landschaft. Ideal um ein Boot zu mieten und die verschiedenen einsamen Str\u00e4nde und die vorgelagerten kleinen Inseln selbst zu erkunden.<\/p>\n<\/p><\/div>\n                <\/div><div class=\"eael-accordion-list\">\n                <div id=\"loutsa-291-km-entfernt\" class=\"elementor-tab-title eael-accordion-header\" tabindex=\"13510\" data-tab=\"10\" role=\"tab\" aria-controls=\"elementor-tab-content-13510\"><span class=\"eael-accordion-tab-title\">Loutsa \u2013 29,1 Km entfernt<\/span><i aria-hidden=\"true\" class=\"fa-toggle fas fa-angle-right\"><\/i><\/div><div id=\"elementor-tab-content-13510\" class=\"eael-accordion-content clearfix\" data-tab=\"10\" role=\"tabpanel\" aria-labelledby=\"loutsa-291-km-entfernt\"><p><p>Ist ein 4 Km langer Strand mit diversen Strandcaf\u00e9s. In Loutsa kann man bei guten Bedingungen auch gelegentlich surfen.<\/p>\n<\/p><\/div>\n                <\/div><\/div>\t\t<\/div>\n\t\t\t\t<\/div>\n\t\t\t\t\t<\/div>\n\t\t<\/div>\n\t\t\t\t<div class=\"elementor-column elementor-col-50 elementor-inner-column elementor-element elementor-element-0892a84\" data-id=\"0892a84\" data-element_type=\"column\">\n\t\t\t<div class=\"elementor-widget-wrap elementor-element-populated\">\n\t\t\t\t\t\t\t\t<div class=\"elementor-element elementor-element-c147629 elementor-widget elementor-widget-eael-adv-accordion\" data-id=\"c147629\" data-element_type=\"widget\" data-widget_type=\"eael-adv-accordion.default\">\n\t\t\t\t<div class=\"elementor-widget-container\">\n\t\t\t        <div class=\"eael-adv-accordion\" id=\"eael-adv-accordion-c147629\" data-accordion-id=\"c147629\" data-accordion-type=\"accordion\" data-toogle-speed=\"300\">\n    <div class=\"eael-accordion-list\">\n                <div id=\"acherontas-356-km-entfernt\" class=\"elementor-tab-title eael-accordion-header\" tabindex=\"2021\" data-tab=\"1\" role=\"tab\" aria-controls=\"elementor-tab-content-2021\"><span class=\"eael-accordion-tab-title\">Acherontas \u2013 35,6 Km entfernt<\/span><i aria-hidden=\"true\" class=\"fa-toggle fas fa-angle-right\"><\/i><\/div><div id=\"elementor-tab-content-2021\" class=\"eael-accordion-content clearfix\" data-tab=\"1\" role=\"tabpanel\" aria-labelledby=\"acherontas-356-km-entfernt\"><p><p>Ein Fluss mit vielen Wasserquellen. In der griechischen Mythologie galt der Acheron als einer von f\u00fcnf Fl\u00fcssen, die in die Unterwelt des Hades f\u00fchrten. Auch hier kannst du in die magische Welt der G\u00f6tter und Legenden eintauchen, und zwar buchst\u00e4blich: Denn im Acherontas kannst du auch schwimmen oder River Rafting betreiben. Das Wasser ist extrem erfrischend, da die Quellen tief aus dem Gestein nach oben transportiert werden. Ausserdem gibt es viele M\u00f6glichkeiten zum Wandern oder Reiten.<\/p>\n<\/p><\/div>\n                <\/div><div class=\"eael-accordion-list\">\n                <div id=\"igoumenitsa-484-km-entfernt\" class=\"elementor-tab-title eael-accordion-header\" tabindex=\"2022\" data-tab=\"2\" role=\"tab\" aria-controls=\"elementor-tab-content-2022\"><span class=\"eael-accordion-tab-title\">Igoumenitsa \u2013 48,4 Km entfernt<\/span><i aria-hidden=\"true\" class=\"fa-toggle fas fa-angle-right\"><\/i><\/div><div id=\"elementor-tab-content-2022\" class=\"eael-accordion-content clearfix\" data-tab=\"2\" role=\"tabpanel\" aria-labelledby=\"igoumenitsa-484-km-entfernt\"><p><p>Das Tor zur Region Epirus ist eine Hafenstadt. Von dort aus fahren t\u00e4glich F\u00e4hren nach Italien und auch zu den Ionischen Inseln wie Korfu und Paxi.<\/p>\n<\/p><\/div>\n                <\/div><div class=\"eael-accordion-list\">\n                <div id=\"nikopolis-578-km-entfernt\" class=\"elementor-tab-title eael-accordion-header\" tabindex=\"2023\" data-tab=\"3\" role=\"tab\" aria-controls=\"elementor-tab-content-2023\"><span class=\"eael-accordion-tab-title\">Nikopolis \u2013 57,8 Km entfernt<\/span><i aria-hidden=\"true\" class=\"fa-toggle fas fa-angle-right\"><\/i><\/div><div id=\"elementor-tab-content-2023\" class=\"eael-accordion-content clearfix\" data-tab=\"3\" role=\"tabpanel\" aria-labelledby=\"nikopolis-578-km-entfernt\"><p><p>Diese antike Stadt wurde 31 v. Chr. im Auftrag des r\u00f6mischen Kaisers Octavian gebaut, nachdem er die Seeschlacht am Ambrakischen Golf gegen Markus Antonios und Cleopatra gewonnen hatte.<\/p>\n<\/p><\/div>\n                <\/div><div class=\"eael-accordion-list\">\n                <div id=\"preveza-642-km-entfernt\" class=\"elementor-tab-title eael-accordion-header\" tabindex=\"2024\" data-tab=\"4\" role=\"tab\" aria-controls=\"elementor-tab-content-2024\"><span class=\"eael-accordion-tab-title\">Preveza \u2013 64,2 Km entfernt<\/span><i aria-hidden=\"true\" class=\"fa-toggle fas fa-angle-right\"><\/i><\/div><div id=\"elementor-tab-content-2024\" class=\"eael-accordion-content clearfix\" data-tab=\"4\" role=\"tabpanel\" aria-labelledby=\"preveza-642-km-entfernt\"><p><p>Ist eine Stadt zwischen dem Ionischen Meer und Ambrakischen Golf. Auf der gegen\u00fcberliegenden Seite der Stadt befindet sich auf der Halbinsel der Flughafen \u201eAktion\u201c, der im Sommer von diversen Fluggesellschaften angeflogen wird. Preveza ist auch f\u00fcr seine Sardinen bekannt und jedes Jahr im Sommer feiert die Stadt ein Fest zu ihren Ehren \u2013 meistens Ende August.<\/p>\n<\/p><\/div>\n                <\/div><div class=\"eael-accordion-list\">\n                <div id=\"dodoni-881-km-entfernt\" class=\"elementor-tab-title eael-accordion-header\" tabindex=\"2025\" data-tab=\"5\" role=\"tab\" aria-controls=\"elementor-tab-content-2025\"><span class=\"eael-accordion-tab-title\">Dodoni \u2013 88,1 Km entfernt<\/span><i aria-hidden=\"true\" class=\"fa-toggle fas fa-angle-right\"><\/i><\/div><div id=\"elementor-tab-content-2025\" class=\"eael-accordion-content clearfix\" data-tab=\"5\" role=\"tabpanel\" aria-labelledby=\"dodoni-881-km-entfernt\"><p><p>Im Dorf Dodoni befindet sich ein erstaunlich gut erhaltenes antikes Amphitheater aus dem dritten Jahrhundert. Es umfasst ca. 18\u2018000 Sitzpl\u00e4tze und hat immer noch eine ausserordentlich gute Akustik.<\/p>\n<\/p><\/div>\n                <\/div><div class=\"eael-accordion-list\">\n                <div id=\"ioannina-101-km-entfernt\" class=\"elementor-tab-title eael-accordion-header\" tabindex=\"2026\" data-tab=\"6\" role=\"tab\" aria-controls=\"elementor-tab-content-2026\"><span class=\"eael-accordion-tab-title\">Ioannina \u2013 101 Km entfernt<\/span><i aria-hidden=\"true\" class=\"fa-toggle fas fa-angle-right\"><\/i><\/div><div id=\"elementor-tab-content-2026\" class=\"eael-accordion-content clearfix\" data-tab=\"6\" role=\"tabpanel\" aria-labelledby=\"ioannina-101-km-entfernt\"><p><p>Ioannina ist die Hauptstadt der Region Epirus. Die Stadt liegt im Landesinneren und ist umgeben von Bergen, viel Natur und dem See \u201ePamvitos\u201c mit der kleinen Insel \u201eNisaki\u201c. Die Stadt bietet einiges an Kultur und ist ideal zum Shoppen. Ein Geheimtipp ist auch die Tropfsteinh\u00f6hle von Perama.<\/p>\n<\/p><\/div>\n                <\/div><div class=\"eael-accordion-list\">\n                <div id=\"zagorochoria-167-km-entfernt\" class=\"elementor-tab-title eael-accordion-header\" tabindex=\"2027\" data-tab=\"7\" role=\"tab\" aria-controls=\"elementor-tab-content-2027\"><span class=\"eael-accordion-tab-title\">Zagorochoria \u2013 167 Km entfernt<\/span><i aria-hidden=\"true\" class=\"fa-toggle fas fa-angle-right\"><\/i><\/div><div id=\"elementor-tab-content-2027\" class=\"eael-accordion-content clearfix\" data-tab=\"7\" role=\"tabpanel\" aria-labelledby=\"zagorochoria-167-km-entfernt\"><p><p>Wer denkt, Griechenland habe nur Sonne und Str\u00e4nde zu bieten, sollte unbedingt diese Bergregion mit ihren zerkl\u00fcfteten Felsen und spektakul\u00e4ren Schluchten besuchen. In Zagorochoria befinden sich 46 traditionelle D\u00f6rfer mit Steinh\u00e4usern, zwei Nationalparks und die zweittiefste Schlucht der Welt nach dem Grand Canyon, die Vikos-Schlucht. Die Zagorochia-Region ist ein Traum f\u00fcr Wanderer, Mountainbiker und Naturliebhaber.<\/p>\n<\/p><\/div>\n                <\/div><div class=\"eael-accordion-list\">\n                <div id=\"paxos-und-antipaxos-185-km-entfernt\" class=\"elementor-tab-title eael-accordion-header\" tabindex=\"2028\" data-tab=\"8\" role=\"tab\" aria-controls=\"elementor-tab-content-2028\"><span class=\"eael-accordion-tab-title\">Paxos und Antipaxos\u2013 18,5 Km entfernt<\/span><i aria-hidden=\"true\" class=\"fa-toggle fas fa-angle-right\"><\/i><\/div><div id=\"elementor-tab-content-2028\" class=\"eael-accordion-content clearfix\" data-tab=\"8\" role=\"tabpanel\" aria-labelledby=\"paxos-und-antipaxos-185-km-entfernt\"><p><p>Diese kleinen Inseln liegen vis-\u00e0-vis von Parga und sind von dort mit blossem Auge zu erkennen. Von Parga aus gibt es t\u00e4glich mehrere Bootsexkursionen nach Paxos und Antipaxos.<\/p>\n<\/p><\/div>\n                <\/div><div class=\"eael-accordion-list\">\n                <div id=\"korfu-30-km-entfernt\" class=\"elementor-tab-title eael-accordion-header\" tabindex=\"2029\" data-tab=\"9\" role=\"tab\" aria-controls=\"elementor-tab-content-2029\"><span class=\"eael-accordion-tab-title\">Korfu \u2013 30 Km entfernt<\/span><i aria-hidden=\"true\" class=\"fa-toggle fas fa-angle-right\"><\/i><\/div><div id=\"elementor-tab-content-2029\" class=\"eael-accordion-content clearfix\" data-tab=\"9\" role=\"tabpanel\" aria-labelledby=\"korfu-30-km-entfernt\"><p><p>Korfu ist die n\u00f6rdlichste Ionische Insel. Korfu hat eine wundersch\u00f6ne Altstadt und den gr\u00f6ssten Flughafen in der N\u00e4he. Von Parga aus legt jeden Donnerstagmorgen eine F\u00e4hre nach Korfu los und bringt die Passagiere am Abend wieder zur\u00fcck.<\/p>\n<\/p><\/div>\n                <\/div><div class=\"eael-accordion-list\">\n                <div id=\"lefkada-881-km-entfernt\" class=\"elementor-tab-title eael-accordion-header\" tabindex=\"20210\" data-tab=\"10\" role=\"tab\" aria-controls=\"elementor-tab-content-20210\"><span class=\"eael-accordion-tab-title\">Lefkada \u2013 88,1 Km entfernt<\/span><i aria-hidden=\"true\" class=\"fa-toggle fas fa-angle-right\"><\/i><\/div><div id=\"elementor-tab-content-20210\" class=\"eael-accordion-content clearfix\" data-tab=\"10\" role=\"tabpanel\" aria-labelledby=\"lefkada-881-km-entfernt\"><p><p>Die Insel am ionischen Meer bietet Traumstr\u00e4nde, W\u00e4lder, Berge und viel unber\u00fchrte Natur. Dank einer Dammverbindung kannst du die Insel vom Festland aus mit dem Auto erreichen.<\/p>\n<\/p><\/div>\n                <\/div><\/div>\t\t<\/div>\n\t\t\t\t<\/div>\n\t\t\t\t\t<\/div>\n\t\t<\/div>\n\t\t\t\t\t\t\t<\/div>\n\t\t<\/section>\n\t\t\t\t\t<\/div>\n\t\t<\/div>\n\t\t\t\t\t\t\t<\/div>\n\t\t<\/section>\n\t\t\t\t<section class=\"elementor-section elementor-top-section elementor-element elementor-element-0dcc4f8 elementor-section-full_width elementor-section-height-default elementor-section-height-default\" data-id=\"0dcc4f8\" data-element_type=\"section\" data-settings=\"{&quot;background_background&quot;:&quot;classic&quot;}\">\n\t\t\t\t\t\t<div class=\"elementor-container elementor-column-gap-default\">\n\t\t\t\t\t<div class=\"elementor-column elementor-col-100 elementor-top-column elementor-element elementor-element-e7c6e72\" data-id=\"e7c6e72\" data-element_type=\"column\">\n\t\t\t<div class=\"elementor-widget-wrap elementor-element-populated\">\n\t\t\t\t\t\t\t\t<div class=\"elementor-element elementor-element-088e55c elementor-widget elementor-widget-heading\" data-id=\"088e55c\" data-element_type=\"widget\" data-widget_type=\"heading.default\">\n\t\t\t\t<div class=\"elementor-widget-container\">\n\t\t\t<h2 class=\"elementor-heading-title elementor-size-default\">Haben Sie irgendwelche Fragen?<\/h2>\t\t<\/div>\n\t\t\t\t<\/div>\n\t\t\t\t<div class=\"elementor-element elementor-element-801356d elementor-widget elementor-widget-text-editor\" data-id=\"801356d\" data-element_type=\"widget\" data-widget_type=\"text-editor.default\">\n\t\t\t\t<div class=\"elementor-widget-container\">\n\t\t\t\t\t\t\t<p>Kontaktiere uns!<\/p>\n\t\t\t\t\t\t<\/div>\n\t\t\t\t<\/div>\n\t\t\t\t<div class=\"elementor-element elementor-element-18e5ab2 elementor-align-center elementor-widget elementor-widget-button\" data-id=\"18e5ab2\" data-element_type=\"widget\" data-widget_type=\"button.default\">\n\t\t\t\t<div class=\"elementor-widget-container\">\n\t\t\t\t\t<div class=\"elementor-button-wrapper\">\n\t\t\t<a href=\"https:\/\/villasmeraki.gr\/el\/contact\/\" class=\"elementor-button-link elementor-button elementor-size-sm\" role=\"button\">\n\t\t\t\t\t\t<span class=\"elementor-button-content-wrapper\">\n\t\t\t\t\t\t<span class=\"elementor-button-text\">Kontakt<\/span>\n\t\t<\/span>\n\t\t\t\t\t<\/a>\n\t\t<\/div>\n\t\t\t\t<\/div>\n\t\t\t\t<\/div>\n\t\t\t\t\t<\/div>\n\t\t<\/div>\n\t\t\t\t\t\t\t<\/div>\n\t\t<\/section>\n\t\t\t\t\t\t<\/div>\n\t\t\t\t\t<\/div>\n\t\t","protected":false},"excerpt":{"rendered":"<p>Beschreibung was es alles in der N\u00e4he gibt AKTIV WERDEN REIZVOLLE ZIELE IN PARGAS UMGEBUNG Valtos\/Chrisogiali \u2013 500m entfernt Der ca. 1 km lange Strand liegt praktisch vor der Haust\u00fcr und ist bequem zu Fuss erreichbar. Hier kannst du am Wasser relaxen, in einem der zahlreichen Strandcaf\u00e9s einen Snack geniessen oder Wassersport treiben, zum Beispiel &hellip;<\/p>\n<p class=\"read-more\"> <a class=\"\" href=\"https:\/\/villasmeraki.gr\/de\/lerne-parga-kennen\/beschreibung-was-es-alles-in-der-naehe-gibt\/\"> <span class=\"screen-reader-text\">Beschreibung was es alles in der N\u00e4he gibt<\/span> Weiterlesen &raquo;<\/a><\/p>\n","protected":false},"author":1,"featured_media":0,"parent":904,"menu_order":0,"comment_status":"closed","ping_status":"closed","template":"","meta":[],"_links":{"self":[{"href":"https:\/\/villasmeraki.gr\/de\/wp-json\/wp\/v2\/pages\/909"}],"collection":[{"href":"https:\/\/villasmeraki.gr\/de\/wp-json\/wp\/v2\/pages"}],"about":[{"href":"https:\/\/villasmeraki.gr\/de\/wp-json\/wp\/v2\/types\/page"}],"author":[{"embeddable":true,"href":"https:\/\/villasmeraki.gr\/de\/wp-json\/wp\/v2\/users\/1"}],"replies":[{"embeddable":true,"href":"https:\/\/villasmeraki.gr\/de\/wp-json\/wp\/v2\/comments?post=909"}],"version-history":[{"count":1,"href":"https:\/\/villasmeraki.gr\/de\/wp-json\/wp\/v2\/pages\/909\/revisions"}],"predecessor-version":[{"id":910,"href":"https:\/\/villasmeraki.gr\/de\/wp-json\/wp\/v2\/pages\/909\/revisions\/910"}],"up":[{"embeddable":true,"href":"https:\/\/villasmeraki.gr\/de\/wp-json\/wp\/v2\/pages\/904"}],"wp:attachment":[{"href":"https:\/\/villasmeraki.gr\/de\/wp-json\/wp\/v2\/media?parent=909"}],"curies":[{"name":"wp","href":"https:\/\/api.w.org\/{rel}","templated":true}]}}